{"id":2423,"date":"2024-09-07T06:59:41","date_gmt":"2024-09-07T06:59:41","guid":{"rendered":"https:\/\/indpuls.tech\/avis-legal\/"},"modified":"2026-02-06T11:53:22","modified_gmt":"2026-02-06T11:53:22","slug":"legal-notice","status":"publish","type":"page","link":"https:\/\/indpuls.tech\/en\/legal-notice\/","title":{"rendered":"Legal notice"},"content":{"rendered":"<div\nstyle=\"padding-top:var(--wp--preset--spacing--space-60);padding-bottom:var(--wp--preset--spacing--space-60);\" class=\"ob-container ob-container--width-default ob-container--offset- has-none-background-color ob-container--radius-none ob-container--radius- wp-block-ob-container\">\n\t<div class=\"ob-container__inner\">\n\t\t\n\n<h2 class=\"wp-block-heading\">Legal notice<\/h2>\n\n\n\n<p>YYou are visiting indpuls.tech, a website owned by ASSOCIACI\u00d3 INDPULS, and we appreciate your interest in reading the legal conditions. Here the legal terms and conditions that define the relationship between users and us, as the parties responsible for this website, are set out. As a user, it is important that you are aware of these terms before continuing your browsing.<\/p>\n\n\n\n<h3 class=\"wp-block-heading\">1. Details of the person in charge<\/h3>\n\n\n\n<p><strong>Identity of the Person Responsible:<\/strong>ASSOCIACI\u00d3 INDPULS.<\/p>\n\n\n\n<p><strong>Trade name:<\/strong>&nbsp;INDPULS<\/p>\n\n\n\n<p><strong>NIF\/CIF:<\/strong> G10585313<\/p>\n\n\n\n<p><strong>Address:<\/strong>\u00a0Carrer de Sancho de \u00c0vila, 66 08018 Barcelona<\/p>\n\n\n\n<p><strong>Registration data:<\/strong> ASSOCIACI\u00d3 INDPULS is a private non-profit association that was established on 29\/03\/2022 and is registered under registration number 71519, with resolution date 15\/07\/2022, in Registre d\u2019Associacions del Departament de Just\u00edcia de la Generalitat de Catalunya.<\/p>\n\n\n\n<p><strong>E-mail:<\/strong>\u00a0<a href=\"mailto:info@indpuls.tech\">info@indpuls.tech<\/a><\/p>\n\n\n\n<h3 class=\"wp-block-heading\">2. General conditions of use<\/h3>\n\n\n\n<p>The User voluntarily accesses this Website, which implies that they will use it in accordance with this legal notice, the law, morality, good faith, and\/or good customs.<br>Use of this Website implies acceptance of this legal notice.<br>The web pages of this Website may be freely visited by users and do not require prior subscription or user registration.<\/p>\n\n\n\n<p>ASSOCIACI\u00d3 INDPULS reserves the right to modify the content of this legal notice without prior notice. Therefore, for proper use of the Website, we recommend that you periodically review this section.<\/p>\n\n\n\n<h3 class=\"wp-block-heading\">3. Intellectual and Industrial Property<\/h3>\n\n\n\n<p>All rights are owned by ASSOCIACI\u00d3 INDPULS, in particular:<\/p>\n\n\n\n<ul class=\"wp-block-list\">\n<li>This Website and the contents included therein\u2014articles, texts, images, logos, trademarks, buttons, software, etc.\u2014are protected by current industrial and intellectual property legislation and are the property of ASSOCIACI\u00d3 INDPULS or of third parties who have authorized their use by ASSOCIACI\u00d3 INDPULS. Any exploitation without the authorization of ASSOCIACI\u00d3 INDPULS is expressly prohibited.<\/li>\n<\/ul>\n\n\n\n<ul class=\"wp-block-list\">\n<li>Access to this Website does not, under any circumstances, imply the acquisition by users of any ownership rights over the contents contained therein.<\/li>\n<\/ul>\n\n\n\n<ul class=\"wp-block-list\">\n<li>ASSOCIACI\u00d3 INDPULS reserves the right to modify, update, or delete any of the contents of this Website at any time and without prior notice.<\/li>\n<\/ul>\n\n\n\n<ul class=\"wp-block-list\">\n<li>The creation of links to this Website is permitted, provided they link to the main page. Deep links to other pages, framing, as well as any other unauthorized linking methods, are expressly prohibited. In this regard, any person wishing to establish a link between their website and this Website must obtain the express written authorization of ASSOCIACI\u00d3 INDPULS. Such authorization shall not imply any relationship between ASSOCIACI\u00d3 INDPULS and the owner of the website where the link is established, nor the approval or acceptance by ASSOCIACI\u00d3 INDPULS of its contents or services.<\/li>\n<\/ul>\n\n\n\n<h3 class=\"wp-block-heading\">4. Commitments and obligations of users<\/h3>\n\n\n\n<ul class=\"wp-block-list\">\n<li>The use of the Website for unlawful or harmful purposes, or in any way that may cause damage or prevent the normal operation of the Website, is prohibited. With regard to the contents of this Website, the following are prohibited: (i) their reproduction, distribution, or modification, in whole or in part, unless authorized by us as the legitimate owner; (ii) any infringement of the rights of the service provider or of us as the legitimate owner; and (iii) their use for commercial or advertising purposes.<\/li>\n<\/ul>\n\n\n\n<ul class=\"wp-block-list\">\n<li>When using the Indpuls.tech Website, the user undertakes not to engage in any conduct that could damage the image, interests, or rights of ASSOCIACI\u00d3 INDPULS or third parties, or that could damage, disable, or overload the ASSOCIACI\u00d3 INDPULS portal, or in any way hinder the normal use of the Website.<\/li>\n<\/ul>\n\n\n\n<ul class=\"wp-block-list\"><\/ul>\n\n\n\n<h3 class=\"wp-block-heading\">5. Limitation of Liability<\/h3>\n\n\n\n<p>ASSOCIACI\u00d3 INDPULS reserves the right to interrupt access to its Website, as well as the provision of any services through it, at any time and without prior notice, whether for technical, security, maintenance reasons, or for any other reason.<\/p>\n\n\n\n<p>ASSOCIACI\u00d3 INDPULS shall not be liable in the event of service interruption, delays, malfunction, or other inconveniences arising from causes beyond the control of ASSOCIACI\u00d3 INDPULS and\/or due to willful or negligent actions by the user and\/or caused by force majeure.<\/p>\n\n\n\n<p>The information contained on this Website may not be accurate, despite efforts made to ensure its accuracy and updating. Consequently, ASSOCIACI\u00d3 INDPULS is not responsible for any errors contained therein, nor for any damages or losses arising from its use.<\/p>\n\n\n\n<p>This Website may contain links to other websites whose content, usefulness, or accuracy ASSOCIACI\u00d3 INDPULS cannot be held responsible for. The inclusion of a link on this Website cannot be considered a recommendation to users to use it; the decision to use such links rests solely with the users.<\/p>\n\n\n\n<p>ASSOCIACI\u00d3 INDPULS is not responsible for any damages or losses arising from the use of this Website or its contents and does not guarantee the absence of viruses or the impossibility of causing damage to the user\u2019s computer systems. ASSOCIACI\u00d3 INDPULS cannot guarantee the absence of malware or other elements that may cause alterations to the user\u2019s computer systems (software and hardware) or to the electronic documents and files stored therein, even though it uses all necessary means and appropriate security measures to prevent the presence of such harmful elements.<\/p>\n\n\n\n<p>ASSOCIACI\u00d3 INDPULS is not responsible for any misuse that may be made of this Website.<\/p>\n\n\n\n<p>This Website may contain links to other websites whose content, usefulness, or accuracy ASSOCIACI\u00d3 INDPULS cannot be held responsible for. The inclusion of a link on this Website cannot be considered a recommendation to users to use it; the decision to use such links rests solely with the users.<\/p>\n\n\n\n<h3 class=\"wp-block-heading\">6. Applicable Law and Competent Courts<\/h3>\n\n\n\n<p>The conditions of this Website and the relationship between the user and ASSOCIACI\u00d3 INDPULS shall be governed by Spanish law and jurisdiction. To resolve any dispute that may arise between the user and ASSOCIACI\u00d3 INDPULS, both parties submit to the Courts and Tribunals of the city of Barcelona (Spain).<\/p>\n\n\n\n<h3 class=\"wp-block-heading\">7. Contact<\/h3>\n\n\n\n<p>If any user has any questions regarding these Legal Conditions or any comments about the indpuls.tech website, please contact us at&nbsp;<a>info@indpuls.tech<\/a>.<\/p>\n\n\n\n<p>This legal notice was last updated on 06\/02\/2026.<\/p>\n\n\n\t<\/div>\n<\/div>\n","protected":false},"excerpt":{"rendered":"","protected":false},"author":3,"featured_media":0,"parent":0,"menu_order":13,"comment_status":"closed","ping_status":"closed","template":"","meta":{"_acf_changed":false,"footnotes":""},"class_list":["post-2423","page","type-page","status-publish","hentry"],"acf":[],"yoast_head":"<!-- This site is optimized with the Yoast SEO plugin v27.2 - https:\/\/yoast.com\/product\/yoast-seo-wordpress\/ -->\n<title>Legal notice - INDPULS | Collaborative innovation between startups and companies<\/title>\n<meta name=\"robots\" content=\"index, follow, max-snippet:-1, max-image-preview:large, max-video-preview:-1\" \/>\n<link rel=\"canonical\" href=\"https:\/\/indpuls.tech\/en\/legal-notice\/\" \/>\n<meta property=\"og:locale\" content=\"en_US\" \/>\n<meta property=\"og:type\" content=\"article\" \/>\n<meta property=\"og:title\" content=\"Legal notice - INDPULS | Collaborative innovation between startups and companies\" \/>\n<meta property=\"og:url\" content=\"https:\/\/indpuls.tech\/en\/legal-notice\/\" \/>\n<meta property=\"og:site_name\" content=\"INDPULS | Collaborative innovation between startups and companies\" \/>\n<meta property=\"article:modified_time\" content=\"2026-02-06T11:53:22+00:00\" \/>\n<meta name=\"twitter:card\" content=\"summary_large_image\" \/>\n<meta name=\"twitter:site\" content=\"@INDPULS_Tech\" \/>\n<meta name=\"twitter:label1\" content=\"Est. reading time\" \/>\n\t<meta name=\"twitter:data1\" content=\"6 minutes\" \/>\n<script type=\"application\/ld+json\" class=\"yoast-schema-graph\">{\"@context\":\"https:\/\/schema.org\",\"@graph\":[{\"@type\":\"WebPage\",\"@id\":\"https:\/\/indpuls.tech\/en\/legal-notice\/\",\"url\":\"https:\/\/indpuls.tech\/en\/legal-notice\/\",\"name\":\"Legal notice - INDPULS | Collaborative innovation between startups and companies\",\"isPartOf\":{\"@id\":\"https:\/\/indpuls.tech\/en\/#website\"},\"datePublished\":\"2024-09-07T06:59:41+00:00\",\"dateModified\":\"2026-02-06T11:53:22+00:00\",\"breadcrumb\":{\"@id\":\"https:\/\/indpuls.tech\/en\/legal-notice\/#breadcrumb\"},\"inLanguage\":\"en-US\",\"potentialAction\":[{\"@type\":\"ReadAction\",\"target\":[\"https:\/\/indpuls.tech\/en\/legal-notice\/\"]}]},{\"@type\":\"BreadcrumbList\",\"@id\":\"https:\/\/indpuls.tech\/en\/legal-notice\/#breadcrumb\",\"itemListElement\":[{\"@type\":\"ListItem\",\"position\":1,\"name\":\"Home\",\"item\":\"https:\/\/indpuls.tech\/en\/\"},{\"@type\":\"ListItem\",\"position\":2,\"name\":\"Legal notice\"}]},{\"@type\":\"WebSite\",\"@id\":\"https:\/\/indpuls.tech\/en\/#website\",\"url\":\"https:\/\/indpuls.tech\/en\/\",\"name\":\"INDPULS\",\"description\":\"At Indpuls, we are committed to innovation and sustainable business growth in the new digital ecosystem.\",\"publisher\":{\"@id\":\"https:\/\/indpuls.tech\/en\/#organization\"},\"potentialAction\":[{\"@type\":\"SearchAction\",\"target\":{\"@type\":\"EntryPoint\",\"urlTemplate\":\"https:\/\/indpuls.tech\/en\/?s={search_term_string}\"},\"query-input\":{\"@type\":\"PropertyValueSpecification\",\"valueRequired\":true,\"valueName\":\"search_term_string\"}}],\"inLanguage\":\"en-US\"},{\"@type\":\"Organization\",\"@id\":\"https:\/\/indpuls.tech\/en\/#organization\",\"name\":\"INDPULS\",\"url\":\"https:\/\/indpuls.tech\/en\/\",\"logo\":{\"@type\":\"ImageObject\",\"inLanguage\":\"en-US\",\"@id\":\"https:\/\/indpuls.tech\/en\/#\/schema\/logo\/image\/\",\"url\":\"https:\/\/indpuls.tech\/wp-content\/uploads\/2024\/08\/header-logo.svg\",\"contentUrl\":\"https:\/\/indpuls.tech\/wp-content\/uploads\/2024\/08\/header-logo.svg\",\"width\":204,\"height\":27,\"caption\":\"INDPULS\"},\"image\":{\"@id\":\"https:\/\/indpuls.tech\/en\/#\/schema\/logo\/image\/\"},\"sameAs\":[\"https:\/\/x.com\/INDPULS_Tech\",\"https:\/\/www.linkedin.com\/company\/indpuls-tech\/\"]}]}<\/script>\n<!-- \/ Yoast SEO plugin. -->","yoast_head_json":{"title":"Legal notice - INDPULS | Collaborative innovation between startups and companies","robots":{"index":"index","follow":"follow","max-snippet":"max-snippet:-1","max-image-preview":"max-image-preview:large","max-video-preview":"max-video-preview:-1"},"canonical":"https:\/\/indpuls.tech\/en\/legal-notice\/","og_locale":"en_US","og_type":"article","og_title":"Legal notice - INDPULS | Collaborative innovation between startups and companies","og_url":"https:\/\/indpuls.tech\/en\/legal-notice\/","og_site_name":"INDPULS | Collaborative innovation between startups and companies","article_modified_time":"2026-02-06T11:53:22+00:00","twitter_card":"summary_large_image","twitter_site":"@INDPULS_Tech","twitter_misc":{"Est. reading time":"6 minutes"},"schema":{"@context":"https:\/\/schema.org","@graph":[{"@type":"WebPage","@id":"https:\/\/indpuls.tech\/en\/legal-notice\/","url":"https:\/\/indpuls.tech\/en\/legal-notice\/","name":"Legal notice - INDPULS | Collaborative innovation between startups and companies","isPartOf":{"@id":"https:\/\/indpuls.tech\/en\/#website"},"datePublished":"2024-09-07T06:59:41+00:00","dateModified":"2026-02-06T11:53:22+00:00","breadcrumb":{"@id":"https:\/\/indpuls.tech\/en\/legal-notice\/#breadcrumb"},"inLanguage":"en-US","potentialAction":[{"@type":"ReadAction","target":["https:\/\/indpuls.tech\/en\/legal-notice\/"]}]},{"@type":"BreadcrumbList","@id":"https:\/\/indpuls.tech\/en\/legal-notice\/#breadcrumb","itemListElement":[{"@type":"ListItem","position":1,"name":"Home","item":"https:\/\/indpuls.tech\/en\/"},{"@type":"ListItem","position":2,"name":"Legal notice"}]},{"@type":"WebSite","@id":"https:\/\/indpuls.tech\/en\/#website","url":"https:\/\/indpuls.tech\/en\/","name":"INDPULS","description":"At Indpuls, we are committed to innovation and sustainable business growth in the new digital ecosystem.","publisher":{"@id":"https:\/\/indpuls.tech\/en\/#organization"},"potentialAction":[{"@type":"SearchAction","target":{"@type":"EntryPoint","urlTemplate":"https:\/\/indpuls.tech\/en\/?s={search_term_string}"},"query-input":{"@type":"PropertyValueSpecification","valueRequired":true,"valueName":"search_term_string"}}],"inLanguage":"en-US"},{"@type":"Organization","@id":"https:\/\/indpuls.tech\/en\/#organization","name":"INDPULS","url":"https:\/\/indpuls.tech\/en\/","logo":{"@type":"ImageObject","inLanguage":"en-US","@id":"https:\/\/indpuls.tech\/en\/#\/schema\/logo\/image\/","url":"https:\/\/indpuls.tech\/wp-content\/uploads\/2024\/08\/header-logo.svg","contentUrl":"https:\/\/indpuls.tech\/wp-content\/uploads\/2024\/08\/header-logo.svg","width":204,"height":27,"caption":"INDPULS"},"image":{"@id":"https:\/\/indpuls.tech\/en\/#\/schema\/logo\/image\/"},"sameAs":["https:\/\/x.com\/INDPULS_Tech","https:\/\/www.linkedin.com\/company\/indpuls-tech\/"]}]}},"_links":{"self":[{"href":"https:\/\/indpuls.tech\/en\/wp-json\/wp\/v2\/pages\/2423","targetHints":{"allow":["GET"]}}],"collection":[{"href":"https:\/\/indpuls.tech\/en\/wp-json\/wp\/v2\/pages"}],"about":[{"href":"https:\/\/indpuls.tech\/en\/wp-json\/wp\/v2\/types\/page"}],"author":[{"embeddable":true,"href":"https:\/\/indpuls.tech\/en\/wp-json\/wp\/v2\/users\/3"}],"replies":[{"embeddable":true,"href":"https:\/\/indpuls.tech\/en\/wp-json\/wp\/v2\/comments?post=2423"}],"version-history":[{"count":3,"href":"https:\/\/indpuls.tech\/en\/wp-json\/wp\/v2\/pages\/2423\/revisions"}],"predecessor-version":[{"id":8493,"href":"https:\/\/indpuls.tech\/en\/wp-json\/wp\/v2\/pages\/2423\/revisions\/8493"}],"wp:attachment":[{"href":"https:\/\/indpuls.tech\/en\/wp-json\/wp\/v2\/media?parent=2423"}],"curies":[{"name":"wp","href":"https:\/\/api.w.org\/{rel}","templated":true}]}}