{"id":204,"date":"2024-08-05T09:46:29","date_gmt":"2024-08-05T09:46:29","guid":{"rendered":"https:\/\/indpuls.localhost\/inicio\/"},"modified":"2026-01-07T11:51:32","modified_gmt":"2026-01-07T11:51:32","slug":"inicio","status":"publish","type":"page","link":"https:\/\/indpuls.tech\/es\/","title":{"rendered":"Inicio"},"content":{"rendered":"\n<div \nstyle=\"--hero-desktop-bg: url(&quot;https:\/\/indpuls.tech\/wp-content\/uploads\/2024\/08\/home-top-banner.jpeg&quot;);--hero-mobile-bg: url(&quot;https:\/\/indpuls.tech\/wp-content\/uploads\/2024\/08\/home-top-banner.jpeg&quot;);\" class=\"omt-multi-hero has-background-color has-none-background-color wp-block-omt-multi-hero\"\t>\n\t<div class=\"container\">\n\t\t<div class=\"omt-multi-hero__content text-left\">\n\n\t\t\t<h1 class=\"omt-multi-hero__title\">Ecosistema de innovaci\u00f3n\u2028industrial<\/h1>\n\t\t\t\n\t\t\t\t\t\t\t<div class=\"omt-buttons  omt-multi-hero__cta\"><a class=\"omt-button  omt-button--white\" href=\"https:\/\/indpuls.tech\/es\/nosotros\/\" >Explorar<\/a><\/div>\t\t\t\t\t<\/div>\n\t<\/div>\n<\/div>\n\n\n<div\nclass=\"ob-container ob-container--width-large ob-container--offset- has-none-background-color ob-container--radius-none ob-container--radius- wp-block-ob-container\">\n\t<div class=\"ob-container__inner\">\n\t\t\n\n<div\n\tclass=\"omt-left-right-image-content wp-block-omt-left-right-image-content\"\t>\n\t\t\t<div class=\"omt-left-right-image-content__wrapper omt-left-right-image-content__right-img\">\n\t\t\t<div class=\"omt-left-right-image-content__details \">\n\t\t\t\t\n\t\t\t\t\t\t\t\t\t<h3 class=\"omt-left-right-image-content__title has-h-3-font-size \">Crear valor corporativo y potenciar el ecosistema industrial innovador<\/h3>\n\t\t\t\t\t\t\t\t\t\t\t\t\t<div class=\"omt-left-right-image-content__txt\"><p>Alsina | ARaymond | Avinent | Calaf Grup | Grupo Carinsa | Celsa Group | Comexi | Concentrol | Fluidra | Font Packaging Group | Frit Ravich | Girbau | MMM | Pastisart | Simon | Sim\u00f3n Coll | Vallformosa | Sarah Marlex | Idilia | Roca Group | Soler &amp; Palau<\/p>\n<\/div>\n\t\t\t\t\t\t\t\t\t\t\t<\/div>\n\t\t\t<div class=\"omt-left-right-image-content__image-block right-image-block\">\n\t\t\t\t<img decoding=\"async\" width=\"1932\" height=\"1087\" src=\"https:\/\/indpuls.tech\/wp-content\/uploads\/2024\/08\/home-details.jpg\" class=\"omt-left-right-image-content__image\" alt=\"\" srcset=\"https:\/\/indpuls.tech\/wp-content\/uploads\/2024\/08\/home-details.jpg 1932w, https:\/\/indpuls.tech\/wp-content\/uploads\/2024\/08\/home-details-300x169.jpg 300w, https:\/\/indpuls.tech\/wp-content\/uploads\/2024\/08\/home-details-1024x576.jpg 1024w, https:\/\/indpuls.tech\/wp-content\/uploads\/2024\/08\/home-details-768x432.jpg 768w, https:\/\/indpuls.tech\/wp-content\/uploads\/2024\/08\/home-details-1536x864.jpg 1536w, https:\/\/indpuls.tech\/wp-content\/uploads\/2024\/08\/home-details-1920x1080.jpg 1920w, https:\/\/indpuls.tech\/wp-content\/uploads\/2024\/08\/home-details-480x270.jpg 480w\" sizes=\"(max-width: 1932px) 100vw, 1932px\" \/>\t\t\t<\/div>\n\t\t<\/div>\n\t<\/div>\n\n\n\n<div\n\tclass=\"omt-left-right-image-content wp-block-omt-left-right-image-content\"\t>\n\t\t\t<div class=\"omt-left-right-image-content__wrapper omt-left-right-image-content__left-img\">\n\t\t\t<div class=\"omt-left-right-image-content__image-block left-image-block\">\n\t\t\t\t<img decoding=\"async\" width=\"768\" height=\"432\" src=\"https:\/\/indpuls.tech\/wp-content\/uploads\/2025\/11\/from-industrial.jpg\" class=\"omt-left-right-image-content__image\" alt=\"\" srcset=\"https:\/\/indpuls.tech\/wp-content\/uploads\/2025\/11\/from-industrial.jpg 768w, https:\/\/indpuls.tech\/wp-content\/uploads\/2025\/11\/from-industrial-300x169.jpg 300w, https:\/\/indpuls.tech\/wp-content\/uploads\/2025\/11\/from-industrial-480x270.jpg 480w\" sizes=\"(max-width: 768px) 100vw, 768px\" \/>\t\t\t<\/div>\n\t\t\t<div class=\"omt-left-right-image-content__details\">\n\t\t\t\t\t\t\t\t\t\t\t\t\t<h3 class=\"omt-left-right-image-content__title has-h-3-font-size \">Conectamos startups y pymes tecnol\u00f3gicas con socios industriales<\/h3>\n\t\t\t\t\t\t\t\t\t\t\t\t\t<div class=\"omt-left-right-image-content__txt\"><p>El <a href=\"https:\/\/indpuls.tech\/es\/ai-adoption-program-2025\/\"><strong><em>AI Adoption Program: From Industrial Use Case To AI Pilot <\/em><\/strong><\/a>\u00a0es el programa que conecta <strong>startups y pymes tecnol\u00f3gicas<\/strong> <strong>con nuestros socios industriales para resolver retos reales mediante inteligencia artificial.<\/strong> Durante el programa, las startups y pymes seleccionadas transformar\u00e1n casos de uso concretos en pilotos impulsados por IA listos para implementar.<\/p>\n<\/div>\n\t\t\t\t\t\t\t\t\t\t\t\t\t<a href=\"https:\/\/indpuls.tech\/es\/ai-adoption-program-2025\/\" target=\"\" class=\"omt-button omt-button--primary\">+ INFORMACI\u00d3N<\/a>\n\t\t\t\t\t\t\t<\/div>\n\n\t\t<\/div>\n\t<\/div>\n\n\n\t<\/div>\n<\/div>\n\n\n\n<div \nclass=\"omt-details-content wp-block-omt-details-content\"\t>\n\t<div class=\"container\">\n\t<div class=\"omt-details-content__main\">\n\t\t\t\t\t<div class=\"omt-details-content__txt\"><p style=\"text-align: left\">\u00ab<em>Parad\u00f3jicamente, a pesar de todos sus recursos aparentemente infinitos, la innovaci\u00f3n dentro de una empresa existente es mucho m\u00e1s dif\u00edcil que dentro de una startup. Para la mayor\u00eda de las empresas, parece que la innovaci\u00f3n solo puede producirse por excepci\u00f3n y esfuerzos heroicos, no por dise\u00f1o<\/em>\u00bb<\/p>\n<\/div>\n\t\t\t\t\t\t\t<a href=\"https:\/\/es.wikipedia.org\/wiki\/Steve_Blank\" target=\"_blank\" class=\"omt-details-content__link\">Steve Blank<\/a>\n\t\t\n\t<\/div>\n\t<\/div>\n<\/div>\n\n\n\n<div \nstyle=\"--hero-desktop-bg: url(&quot;https:\/\/indpuls.tech\/wp-content\/uploads\/2024\/08\/banner-image-1-scaled.jpg&quot;);--hero-mobile-bg: url(&quot;https:\/\/indpuls.tech\/wp-content\/uploads\/2024\/08\/banner-image-1-scaled.jpg&quot;);\" class=\"omt-multi-hero has-background-color has-none-background-color wp-block-omt-multi-hero\"\t>\n\t<div class=\"container\">\n\t\t<div class=\"omt-multi-hero__content text-center\">\n\n\t\t\t<h3 class=\"omt-multi-hero__title\">Hacia la industria del futuro<\/h3>\n\t\t\t\t\t\t\t<div class=\"omt-multi-hero__description\">\n\t\t\t\t\t<p><span class=\"white-text\">INDPULS<\/span> es una asociaci\u00f3n privada sin \u00e1nimo de lucro para compartir la construcci\u00f3n del futuro con otros y reforzar sus propias estrategias de innovaci\u00f3n.<\/p>\n\t\t\t\t<\/div>\n\t\t\t\n\t\t\t\t\t\t\t<div class=\"omt-buttons  omt-multi-hero__cta\"><a class=\"omt-button  omt-button--transparent\" href=\"https:\/\/indpuls.tech\/es\/nosotros\/\" >Descubre m\u00e1s<\/a><\/div>\t\t\t\t\t<\/div>\n\t<\/div>\n<\/div>\n\n\n\n<div\n\tclass=\"omt-goals wp-block-omt-goals\" data-scroll-id=\"\"\t>\n\t<div class=\"container\">\n\t\t<div class=\"omt-goals__wrapper\">\n\t\t\t<div class=\"omt-goals__left-block\">\n\t\t\t\t\t\t\t\t\t<h3 class=\"has-h-3-font-size omt-goals__heading\">OBJETIVOS<\/h3>\n\t\t\t\t\t\t\t\t\t\t\t\t\t<p class=\"omt-goals__desc\">Crear valor corporativo y potenciar el ecosistema industrial innovador<\/p>\n\t\t\t\t\t\t\t\t\t\t\t\t\t<a href=\"https:\/\/indpuls.tech\/es\/nosotros\/#objetivos\" target=\"\" class=\"omt-button omt-button--secondry\">Saber m\u00e1s<\/a>\n\t\t\t\t\t\t\t<\/div>\n\t\t\t\t\t\t\t<ol class=\"omt-goals__list\">\n\t\t\t\t\t\t\t\t\t\t\t<li class=\"omt-goals__list-item omt-goals__no-content\">\n\t\t\t\t\t\t\t\t\t\t\t\t\t\t\t<h3 class=\"omt-goals__list-item-count\">1<\/h3>\n\t\t\t\t\t\t\t\t\t\t\t\t\t\t\t<div class=\"omt-goals__list-item-details\">\n\t\t\t\t\t\t\t\t\t\t\t\t\t\t\t\t\t<h5 class=\"omt-goals__list-item-name\">Impulsar la innovaci\u00f3n<\/h5>\n\t\t\t\t\t\t\t\t\t\t\t\t\t\t\t\t\t\t\t\t\t\t\t<\/div>\n\n\t\t\t\t\t\t<\/li>\n\t\t\t\t\t\t\t\t\t\t\t\t\t\t\t\t\t<li class=\"omt-goals__list-item omt-goals__no-content\">\n\t\t\t\t\t\t\t\t\t\t\t\t\t\t\t<h3 class=\"omt-goals__list-item-count\">2<\/h3>\n\t\t\t\t\t\t\t\t\t\t\t\t\t\t\t<div class=\"omt-goals__list-item-details\">\n\t\t\t\t\t\t\t\t\t\t\t\t\t\t\t\t\t<h5 class=\"omt-goals__list-item-name\">Impulsar la competitividad<\/h5>\n\t\t\t\t\t\t\t\t\t\t\t\t\t\t\t\t\t\t\t\t\t\t\t<\/div>\n\n\t\t\t\t\t\t<\/li>\n\t\t\t\t\t\t\t\t\t\t\t\t\t\t\t\t\t<li class=\"omt-goals__list-item omt-goals__no-content\">\n\t\t\t\t\t\t\t\t\t\t\t\t\t\t\t<h3 class=\"omt-goals__list-item-count\">3<\/h3>\n\t\t\t\t\t\t\t\t\t\t\t\t\t\t\t<div class=\"omt-goals__list-item-details\">\n\t\t\t\t\t\t\t\t\t\t\t\t\t\t\t\t\t<h5 class=\"omt-goals__list-item-name\">Dar apoyo a emprendedores y startups<\/h5>\n\t\t\t\t\t\t\t\t\t\t\t\t\t\t\t\t\t\t\t\t\t\t\t<\/div>\n\n\t\t\t\t\t\t<\/li>\n\t\t\t\t\t\t\t\t\t\t\t\t\t\t\t\t\t<li class=\"omt-goals__list-item omt-goals__no-content\">\n\t\t\t\t\t\t\t\t\t\t\t\t\t\t\t<h3 class=\"omt-goals__list-item-count\">4<\/h3>\n\t\t\t\t\t\t\t\t\t\t\t\t\t\t\t<div class=\"omt-goals__list-item-details\">\n\t\t\t\t\t\t\t\t\t\t\t\t\t\t\t\t\t<h5 class=\"omt-goals__list-item-name\">Fomentar la innovaci\u00f3n colaborativa entre empresas industriales<\/h5>\n\t\t\t\t\t\t\t\t\t\t\t\t\t\t\t\t\t\t\t\t\t\t\t<\/div>\n\n\t\t\t\t\t\t<\/li>\n\t\t\t\t\t\t\t\t\t\t\t\t\t\t\t\t\t<li class=\"omt-goals__list-item omt-goals__no-content\">\n\t\t\t\t\t\t\t\t\t\t\t\t\t\t\t<h3 class=\"omt-goals__list-item-count\">5<\/h3>\n\t\t\t\t\t\t\t\t\t\t\t\t\t\t\t<div class=\"omt-goals__list-item-details\">\n\t\t\t\t\t\t\t\t\t\t\t\t\t\t\t\t\t<h5 class=\"omt-goals__list-item-name\">Fomentar la creaci\u00f3n de sinergias entre empresas y startups<\/h5>\n\t\t\t\t\t\t\t\t\t\t\t\t\t\t\t\t\t\t\t\t\t\t\t<\/div>\n\n\t\t\t\t\t\t<\/li>\n\t\t\t\t\t\t\t\t\t\t\t\t\t\t\t\t\t<li class=\"omt-goals__list-item omt-goals__no-content\">\n\t\t\t\t\t\t\t\t\t\t\t\t\t\t\t<h3 class=\"omt-goals__list-item-count\">6<\/h3>\n\t\t\t\t\t\t\t\t\t\t\t\t\t\t\t<div class=\"omt-goals__list-item-details\">\n\t\t\t\t\t\t\t\t\t\t\t\t\t\t\t\t\t<h5 class=\"omt-goals__list-item-name\">Contribuir positivamente a los resultados<\/h5>\n\t\t\t\t\t\t\t\t\t\t\t\t\t\t\t\t\t\t\t\t\t\t\t<\/div>\n\n\t\t\t\t\t\t<\/li>\n\t\t\t\t\t\t\t\t\t\t\t\t\t\t\t\t\t<\/div>\n\t<\/div>\n<\/div>\n\n\n\n<div \nstyle=\"--hero-desktop-bg: url(&quot;https:\/\/indpuls.tech\/wp-content\/uploads\/2024\/08\/banner-image-2-scaled.jpg&quot;);--hero-mobile-bg: url(&quot;https:\/\/indpuls.tech\/wp-content\/uploads\/2024\/08\/banner-image-2-scaled.jpg&quot;);\" class=\"omt-multi-hero has-background-color has-none-background-color wp-block-omt-multi-hero\"\t>\n\t<div class=\"container\">\n\t\t<div class=\"omt-multi-hero__content text-left\">\n\n\t\t\t\n\t\t\t\n\t\t\t\t\t<\/div>\n\t<\/div>\n<\/div>\n\n\n<div\nclass=\"ob-container ob-container--width-large ob-container--offset- has-none-background-color ob-container--radius-none ob-container--radius- wp-block-ob-container\">\n\t<div class=\"ob-container__inner\">\n\t\t\n\n<div \nclass=\"omt-newsletter wp-block-omt-newsletter\"\t>\n\t<div class=\"omt-newsletter__wrapper\">\n\t\t<div class=\"omt-newsletter__left-block\">\n\t\t\t\t\t\t\t<h3 class=\"omt-newsletter__title\">Bolet\u00edn<\/h3>\n\t\t\t\t\t\t\t\t\t\t<p class=\"omt-newsletter__subtitle\">Inscr\u00edbete y sigue en la comunidad de INDPULS<\/p>\n\t\t\t\t\t<\/div>\n\t\t<div class=\"omt-newsletter__form\">\n\t\t\t\n<div class=\"wpcf7 no-js\" id=\"wpcf7-f209-o1\" lang=\"es-ES\" dir=\"ltr\" data-wpcf7-id=\"209\">\n<div class=\"screen-reader-response\"><p role=\"status\" aria-live=\"polite\" aria-atomic=\"true\"><\/p> <ul><\/ul><\/div>\n<form action=\"\/es\/wp-json\/wp\/v2\/pages\/204#wpcf7-f209-o1\" method=\"post\" class=\"wpcf7-form init\" aria-label=\"Formulario de contacto\" novalidate=\"novalidate\" data-status=\"init\">\n<fieldset class=\"hidden-fields-container\"><input type=\"hidden\" name=\"_wpcf7\" value=\"209\" \/><input type=\"hidden\" name=\"_wpcf7_version\" value=\"6.1.5\" \/><input type=\"hidden\" name=\"_wpcf7_locale\" value=\"es_ES\" \/><input type=\"hidden\" name=\"_wpcf7_unit_tag\" value=\"wpcf7-f209-o1\" \/><input type=\"hidden\" name=\"_wpcf7_container_post\" value=\"0\" \/><input type=\"hidden\" name=\"_wpcf7_posted_data_hash\" value=\"\" \/><input type=\"hidden\" name=\"_wpcf7_recaptcha_response\" value=\"\" \/>\n<\/fieldset>\n<div class=\"input-group\">\n\t<p><label class=\"form-label\">Email<\/label><br \/>\n<span class=\"wpcf7-form-control-wrap\" data-name=\"email-209\"><input size=\"40\" maxlength=\"400\" class=\"wpcf7-form-control wpcf7-email wpcf7-validates-as-required wpcf7-text wpcf7-validates-as-email form-input\" aria-required=\"true\" aria-invalid=\"false\" placeholder=\"email@mail.com\" value=\"\" type=\"email\" name=\"email-209\" \/><\/span>\n\t<\/p>\n<\/div>\n<div class=\"input-group checkbox\">\n\t<p><span class=\"wpcf7-form-control-wrap\" data-name=\"acceptance-851\"><span class=\"wpcf7-form-control wpcf7-acceptance\"><span class=\"wpcf7-list-item\"><input type=\"checkbox\" name=\"acceptance-851\" value=\"1\" class=\"chechbox-input\" aria-invalid=\"false\" \/><\/span><\/span><\/span><br \/>\n<label class=\"form-label chechbox-label\">Accepto la<br \/>\n<a href=\"\/politica-privacitat\/\" class=\"form__label-link\" target=\"_blank\">pol\u00edtica de privacitat.<\/a>*<br \/>\n<\/label>\n\t<\/p>\n<\/div>\n<p><input class=\"wpcf7-form-control wpcf7-submit has-spinner omt-button--primary omt-button\" type=\"submit\" value=\"Envia\" \/>\n<\/p><div class=\"wpcf7-response-output\" aria-hidden=\"true\"><\/div>\n<\/form>\n<\/div>\n\t\t<\/div>\n\t<\/div>\n<\/div>\n\n\n\t<\/div>\n<\/div>\n","protected":false},"excerpt":{"rendered":"","protected":false},"author":1,"featured_media":0,"parent":0,"menu_order":0,"comment_status":"closed","ping_status":"closed","template":"","meta":{"_acf_changed":false,"footnotes":""},"class_list":["post-204","page","type-page","status-publish","hentry"],"acf":[],"yoast_head":"<!-- This site is optimized with the Yoast SEO plugin v27.3 - https:\/\/yoast.com\/product\/yoast-seo-wordpress\/ -->\n<title>Inicio - INDPULS | Innovaci\u00f3n colaborativa entre startups y empresas<\/title>\n<meta name=\"description\" content=\"En Indpuls apostamos por el compromiso con la innovaci\u00f3n y el crecimiento empresarial sostenible en el nuevo ecosistema digital.\" \/>\n<meta name=\"robots\" content=\"index, follow, max-snippet:-1, max-image-preview:large, max-video-preview:-1\" \/>\n<link rel=\"canonical\" href=\"https:\/\/indpuls.tech\/es\/\" \/>\n<meta property=\"og:locale\" content=\"es_ES\" \/>\n<meta property=\"og:type\" content=\"article\" \/>\n<meta property=\"og:title\" content=\"Inicio - INDPULS | Innovaci\u00f3n colaborativa entre startups y empresas\" \/>\n<meta property=\"og:description\" content=\"En Indpuls apostamos por el compromiso con la innovaci\u00f3n y el crecimiento empresarial sostenible en el nuevo ecosistema digital.\" \/>\n<meta property=\"og:url\" content=\"https:\/\/indpuls.tech\/es\/\" \/>\n<meta property=\"og:site_name\" content=\"INDPULS | Innovaci\u00f3n colaborativa entre startups y empresas\" \/>\n<meta property=\"article:modified_time\" content=\"2026-01-07T11:51:32+00:00\" \/>\n<meta name=\"twitter:card\" content=\"summary_large_image\" \/>\n<meta name=\"twitter:site\" content=\"@INDPULS_Tech\" \/>\n<script type=\"application\/ld+json\" class=\"yoast-schema-graph\">{\"@context\":\"https:\\\/\\\/schema.org\",\"@graph\":[{\"@type\":\"WebPage\",\"@id\":\"https:\\\/\\\/indpuls.tech\\\/es\\\/\",\"url\":\"https:\\\/\\\/indpuls.tech\\\/es\\\/\",\"name\":\"Inicio - INDPULS | Innovaci\u00f3n colaborativa entre startups y empresas\",\"isPartOf\":{\"@id\":\"https:\\\/\\\/indpuls.tech\\\/en\\\/#website\"},\"datePublished\":\"2024-08-05T09:46:29+00:00\",\"dateModified\":\"2026-01-07T11:51:32+00:00\",\"description\":\"En Indpuls apostamos por el compromiso con la innovaci\u00f3n y el crecimiento empresarial sostenible en el nuevo ecosistema digital.\",\"breadcrumb\":{\"@id\":\"https:\\\/\\\/indpuls.tech\\\/es\\\/#breadcrumb\"},\"inLanguage\":\"es\",\"potentialAction\":[{\"@type\":\"ReadAction\",\"target\":[\"https:\\\/\\\/indpuls.tech\\\/es\\\/\"]}]},{\"@type\":\"BreadcrumbList\",\"@id\":\"https:\\\/\\\/indpuls.tech\\\/es\\\/#breadcrumb\",\"itemListElement\":[{\"@type\":\"ListItem\",\"position\":1,\"name\":\"Home\",\"item\":\"https:\\\/\\\/indpuls.tech\\\/es\\\/\"},{\"@type\":\"ListItem\",\"position\":2,\"name\":\"Inicio\"}]},{\"@type\":\"WebSite\",\"@id\":\"https:\\\/\\\/indpuls.tech\\\/en\\\/#website\",\"url\":\"https:\\\/\\\/indpuls.tech\\\/en\\\/\",\"name\":\"INDPULS\",\"description\":\"En Indpuls apostamos por el compromiso con la innovaci\u00f3n y el crecimiento empresarial sostenible en el nuevo ecosistema digital.\",\"publisher\":{\"@id\":\"https:\\\/\\\/indpuls.tech\\\/en\\\/#organization\"},\"potentialAction\":[{\"@type\":\"SearchAction\",\"target\":{\"@type\":\"EntryPoint\",\"urlTemplate\":\"https:\\\/\\\/indpuls.tech\\\/en\\\/?s={search_term_string}\"},\"query-input\":{\"@type\":\"PropertyValueSpecification\",\"valueRequired\":true,\"valueName\":\"search_term_string\"}}],\"inLanguage\":\"es\"},{\"@type\":\"Organization\",\"@id\":\"https:\\\/\\\/indpuls.tech\\\/en\\\/#organization\",\"name\":\"INDPULS\",\"url\":\"https:\\\/\\\/indpuls.tech\\\/en\\\/\",\"logo\":{\"@type\":\"ImageObject\",\"inLanguage\":\"es\",\"@id\":\"https:\\\/\\\/indpuls.tech\\\/en\\\/#\\\/schema\\\/logo\\\/image\\\/\",\"url\":\"https:\\\/\\\/indpuls.tech\\\/wp-content\\\/uploads\\\/2024\\\/08\\\/header-logo.svg\",\"contentUrl\":\"https:\\\/\\\/indpuls.tech\\\/wp-content\\\/uploads\\\/2024\\\/08\\\/header-logo.svg\",\"width\":204,\"height\":27,\"caption\":\"INDPULS\"},\"image\":{\"@id\":\"https:\\\/\\\/indpuls.tech\\\/en\\\/#\\\/schema\\\/logo\\\/image\\\/\"},\"sameAs\":[\"https:\\\/\\\/x.com\\\/INDPULS_Tech\",\"https:\\\/\\\/www.linkedin.com\\\/company\\\/indpuls-tech\\\/\"]}]}<\/script>\n<!-- \/ Yoast SEO plugin. -->","yoast_head_json":{"title":"Inicio - INDPULS | Innovaci\u00f3n colaborativa entre startups y empresas","description":"En Indpuls apostamos por el compromiso con la innovaci\u00f3n y el crecimiento empresarial sostenible en el nuevo ecosistema digital.","robots":{"index":"index","follow":"follow","max-snippet":"max-snippet:-1","max-image-preview":"max-image-preview:large","max-video-preview":"max-video-preview:-1"},"canonical":"https:\/\/indpuls.tech\/es\/","og_locale":"es_ES","og_type":"article","og_title":"Inicio - INDPULS | Innovaci\u00f3n colaborativa entre startups y empresas","og_description":"En Indpuls apostamos por el compromiso con la innovaci\u00f3n y el crecimiento empresarial sostenible en el nuevo ecosistema digital.","og_url":"https:\/\/indpuls.tech\/es\/","og_site_name":"INDPULS | Innovaci\u00f3n colaborativa entre startups y empresas","article_modified_time":"2026-01-07T11:51:32+00:00","twitter_card":"summary_large_image","twitter_site":"@INDPULS_Tech","schema":{"@context":"https:\/\/schema.org","@graph":[{"@type":"WebPage","@id":"https:\/\/indpuls.tech\/es\/","url":"https:\/\/indpuls.tech\/es\/","name":"Inicio - INDPULS | Innovaci\u00f3n colaborativa entre startups y empresas","isPartOf":{"@id":"https:\/\/indpuls.tech\/en\/#website"},"datePublished":"2024-08-05T09:46:29+00:00","dateModified":"2026-01-07T11:51:32+00:00","description":"En Indpuls apostamos por el compromiso con la innovaci\u00f3n y el crecimiento empresarial sostenible en el nuevo ecosistema digital.","breadcrumb":{"@id":"https:\/\/indpuls.tech\/es\/#breadcrumb"},"inLanguage":"es","potentialAction":[{"@type":"ReadAction","target":["https:\/\/indpuls.tech\/es\/"]}]},{"@type":"BreadcrumbList","@id":"https:\/\/indpuls.tech\/es\/#breadcrumb","itemListElement":[{"@type":"ListItem","position":1,"name":"Home","item":"https:\/\/indpuls.tech\/es\/"},{"@type":"ListItem","position":2,"name":"Inicio"}]},{"@type":"WebSite","@id":"https:\/\/indpuls.tech\/en\/#website","url":"https:\/\/indpuls.tech\/en\/","name":"INDPULS","description":"En Indpuls apostamos por el compromiso con la innovaci\u00f3n y el crecimiento empresarial sostenible en el nuevo ecosistema digital.","publisher":{"@id":"https:\/\/indpuls.tech\/en\/#organization"},"potentialAction":[{"@type":"SearchAction","target":{"@type":"EntryPoint","urlTemplate":"https:\/\/indpuls.tech\/en\/?s={search_term_string}"},"query-input":{"@type":"PropertyValueSpecification","valueRequired":true,"valueName":"search_term_string"}}],"inLanguage":"es"},{"@type":"Organization","@id":"https:\/\/indpuls.tech\/en\/#organization","name":"INDPULS","url":"https:\/\/indpuls.tech\/en\/","logo":{"@type":"ImageObject","inLanguage":"es","@id":"https:\/\/indpuls.tech\/en\/#\/schema\/logo\/image\/","url":"https:\/\/indpuls.tech\/wp-content\/uploads\/2024\/08\/header-logo.svg","contentUrl":"https:\/\/indpuls.tech\/wp-content\/uploads\/2024\/08\/header-logo.svg","width":204,"height":27,"caption":"INDPULS"},"image":{"@id":"https:\/\/indpuls.tech\/en\/#\/schema\/logo\/image\/"},"sameAs":["https:\/\/x.com\/INDPULS_Tech","https:\/\/www.linkedin.com\/company\/indpuls-tech\/"]}]}},"_links":{"self":[{"href":"https:\/\/indpuls.tech\/es\/wp-json\/wp\/v2\/pages\/204","targetHints":{"allow":["GET"]}}],"collection":[{"href":"https:\/\/indpuls.tech\/es\/wp-json\/wp\/v2\/pages"}],"about":[{"href":"https:\/\/indpuls.tech\/es\/wp-json\/wp\/v2\/types\/page"}],"author":[{"embeddable":true,"href":"https:\/\/indpuls.tech\/es\/wp-json\/wp\/v2\/users\/1"}],"replies":[{"embeddable":true,"href":"https:\/\/indpuls.tech\/es\/wp-json\/wp\/v2\/comments?post=204"}],"version-history":[{"count":9,"href":"https:\/\/indpuls.tech\/es\/wp-json\/wp\/v2\/pages\/204\/revisions"}],"predecessor-version":[{"id":8202,"href":"https:\/\/indpuls.tech\/es\/wp-json\/wp\/v2\/pages\/204\/revisions\/8202"}],"wp:attachment":[{"href":"https:\/\/indpuls.tech\/es\/wp-json\/wp\/v2\/media?parent=204"}],"curies":[{"name":"wp","href":"https:\/\/api.w.org\/{rel}","templated":true}]}}