{"id":2386,"date":"2024-09-06T15:50:03","date_gmt":"2024-09-06T15:50:03","guid":{"rendered":"https:\/\/indpuls.tech\/transparencia\/"},"modified":"2026-02-06T11:24:35","modified_gmt":"2026-02-06T11:24:35","slug":"transparencia","status":"publish","type":"page","link":"https:\/\/indpuls.tech\/es\/transparencia\/","title":{"rendered":"Transparencia"},"content":{"rendered":"<div\nstyle=\"padding-top:40px;padding-bottom:40px;\" class=\"ob-container ob-container--width-large ob-container--offset- has-none-background-color ob-container--radius-none ob-container--radius- wp-block-ob-container\">\n\t<div class=\"ob-container__inner\">\n\t\t\n\n<h1 class=\"wp-block-heading has-h-2-font-size\">Transparencia<\/h1>\n\n\n\n<p class=\"has-font-size-xl-font-size\" style=\"margin-bottom:40px\">En cumplimiento de la Ley 19\/2014, de 29 de diciembre, de transparencia, acceso a la informaci\u00f3n p\u00fablica y buen gobierno, de la Generalitat, desde INDPULS facilitamos la siguiente informaci\u00f3n: Informaci\u00f3n institucional, organizativa y econ\u00f3mica.<\/p>\n\n\n\n<h1 class=\"wp-block-heading has-h-3-font-size\">1. Prop\u00f3sito de la Asociaci\u00f3n<\/h1>\n\n\n\n<p class=\"has-font-size-xl-font-size\" style=\"margin-bottom:30px\">Entra en el apartado <strong><a href=\"https:\/\/indpuls.tech\/es\/nosotros\/\" target=\"_blank\" rel=\"noreferrer noopener\">Nosotros<\/a><\/strong> de nuestra web para conocer nuestro prop\u00f3sito, valores, objetivos y \u00e1mbitos de actuaci\u00f3n.<\/p>\n\n\n\n<h1 class=\"wp-block-heading has-h-3-font-size\">2. Estructura organizativa<\/h1>\n\n\n\n<p><a href=\"https:\/\/indpuls.tech\/wp-content\/uploads\/2026\/02\/Associacio_Indpuls_-_Composicio_nova_Junta_Directiva-ofici-Generalitat-de-Catalunya.pdf\" class=\"omt-button omt-button--primary\">Junta directiva<\/a><\/p>\n\n\n\n<p><a href=\"#admissions-committee\" class=\"omt-button omt-button--primary\">Comisi\u00f3n delegada de admisiones<\/a><\/p>\n\n\n\n<p style=\"margin-bottom:20px\"><a href=\"#management-team\" class=\"omt-button omt-button--primary\">Equipo directivo<\/a><\/p>\n\n\n\n<h1 class=\"wp-block-heading has-h-3-font-size\">3. P\u00e1gina web, direcci\u00f3n postal y correo de contacto<\/h1>\n\n\n\n<p class=\"has-font-size-xl-font-size\">La p\u00e1gina web de la Asociaci\u00f3n es: <a href=\"http:\/\/www.indpuls.tech\/\" target=\"_blank\" rel=\"noreferrer noopener\">www.indpuls.tech<\/a><\/p>\n\n\n\n<p class=\"has-font-size-xl-font-size\">La sede social de la asociaci\u00f3n est\u00e1 en la calle Sancho de \u00c1vila 66, 08018 de Barcelona.<\/p>\n\n\n\n<p class=\"has-font-size-xl-font-size\" style=\"margin-bottom:30px\">El correo de contacto es: <a href=\"mailto:info@indpuls.tech\" target=\"_blank\" rel=\"noreferrer noopener\">info@indpuls.tech<\/a><\/p>\n\n\n\n<h1 class=\"wp-block-heading has-h-3-font-size\">4. Estatutos<\/h1>\n\n\n\n<p style=\"margin-bottom:20px\"><a href=\"https:\/\/indpuls.tech\/wp-content\/uploads\/2024\/10\/Indpuls_-_Diligencia_Estatuts_Associacio__clean__v2-firmado.pdf\" target=\"_blank\" class=\"omt-button omt-button--primary\" rel=\"noopener\">Estatutos 2022<\/a><\/p>\n\n\n\n<p style=\"margin-bottom:20px\"><a href=\"https:\/\/indpuls.tech\/wp-content\/uploads\/2025\/07\/Indpuls-Estatuts-diligenciats.pdf\" target=\"_blank\" class=\"omt-button omt-button--primary\" rel=\"noopener\">Estatutos 2024<\/a><\/p>\n\n\n\n<p style=\"margin-bottom:20px\"><a href=\"https:\/\/indpuls.tech\/wp-content\/uploads\/2025\/07\/Indpuls_-_Acta_Fundacional_firmada.pdf\" target=\"_blank\" class=\"omt-button omt-button--primary\" rel=\"noopener\">Acta Fundacional<\/a><\/p>\n\n\n\n<p style=\"margin-bottom:20px\"><a href=\"https:\/\/indpuls.tech\/wp-content\/uploads\/2026\/02\/Cambio-domicilio-inscrito.pdf\" target=\"_blank\" class=\"omt-button omt-button--primary\" rel=\"noopener\">Cambio domicilio social<\/a><\/p>\n\n\n\n<h1 class=\"wp-block-heading has-h-3-font-size\">5. Estados financieros y memoria econ\u00f3mica<\/h1>\n\n\n\n<p style=\"margin-bottom:20px\"><a href=\"https:\/\/indpuls.tech\/wp-content\/uploads\/2025\/07\/ASSOCIACIO-INDPULS-Comptes-anuals-2024.pdf\" target=\"_blank\" class=\"omt-button omt-button--primary\" rel=\"noopener\">Cuentas anuales 2024<\/a><\/p>\n\n\n\n<p style=\"margin-bottom:20px\"><a href=\"https:\/\/indpuls.tech\/wp-content\/uploads\/2025\/07\/ASSOCIACIO-INDPULS-Comptes-anuals-2023.pdf\" target=\"_blank\" class=\"omt-button omt-button--primary\" rel=\"noopener\">Cuentas anuales 2023<\/a><\/p>\n\n\n\n<p style=\"margin-bottom:20px\"><a href=\"https:\/\/indpuls.tech\/wp-content\/uploads\/2024\/10\/ASSOCIACIO-INDPULS-Comptes-anuals-2022-def-1.pdf\" target=\"_blank\" class=\"omt-button omt-button--primary\" rel=\"noopener\">Cuentas anuales 2022<\/a><\/p>\n\n\n\n<hr class=\"wp-block-separator has-alpha-channel-opacity is-style-default\" style=\"margin-top:80px;margin-bottom:80px\"\/>\n\n\n\n<h2 class=\"wp-block-heading has-h-3-font-size\" id=\"board-of-directors\">Junta Directiva<\/h2>\n\n\n\n<p class=\"has-font-size-xl-font-size\" style=\"margin-bottom:30px\">La Junta Directiva rige, administra y representa la Asociaci\u00f3n. Est\u00e1 formada por representantes de las 15 empresas asociadas.<\/p>\n\n\n\n<h3 class=\"wp-block-heading has-h-4-font-size\" style=\"margin-bottom:10px\"><strong>Esteban Bretcha Palacios<\/strong><div><span class=\"s1\"><span style=\"font-weight: 700;\"><\/span><\/span><\/div><\/h3>\n\n\n\n<p class=\"has-font-size-xl-font-size\" style=\"margin-bottom:10px\"><em><em><em><em><em>President<\/em><\/em><\/em><\/em><\/em>e<\/p>\n\n\n\n<p class=\"has-font-size-xl-font-size\" style=\"margin-bottom:40px\">Consejero delegado SIMON<\/p>\n\n\n\n<h3 class=\"wp-block-heading has-h-4-font-size\" style=\"margin-bottom:10px\"><strong>Merc\u00e8 Girbau Junyent&nbsp;<\/strong><\/h3>\n\n\n\n<p class=\"has-font-size-xl-font-size\" style=\"margin-bottom:10px\"><em>Vicepresidenta&nbsp;<\/em><\/p>\n\n\n\n<p class=\"has-font-size-xl-font-size\" style=\"margin-bottom:40px\">Presidenta y Consejera delegada GIRBAU GROUP&nbsp;<\/p>\n\n\n\n<h3 class=\"wp-block-heading has-h-4-font-size\" style=\"margin-bottom:10px\"><strong>Anna Casals Terr\u00e9<\/strong><\/h3>\n\n\n\n<p class=\"has-font-size-xl-font-size\" style=\"margin-bottom:10px\"><em><em><em>Secretaria<\/em><\/em><\/em><\/p>\n\n\n\n<p class=\"has-font-size-xl-font-size\" style=\"margin-bottom:40px\">Directora de Innovaci\u00f3n Espa\u00f1a y Francia CELSA GROUP<\/p>\n\n\n\n<h3 class=\"wp-block-heading has-h-4-font-size\" style=\"margin-bottom:10px\"><strong>Margarida Pag\u00e8s Bass\u00f3<\/strong><\/h3>\n\n\n\n<p class=\"has-font-size-xl-font-size\" style=\"margin-bottom:10px\"><em><em><em><em>Tesorera<\/em><\/em><\/em><\/em><\/p>\n\n\n\n<p class=\"has-font-size-xl-font-size\" style=\"margin-bottom:40px\">Directora financiera FRIT RAVICH<\/p>\n\n\n\n<h3 class=\"wp-block-heading has-h-4-font-size\" style=\"margin-bottom:10px\"><strong>Eloi Planes Corts<\/strong><\/h3>\n\n\n\n<p class=\"has-font-size-xl-font-size\" style=\"margin-bottom:10px\"><em><em>Vocal<\/em><\/em><\/p>\n\n\n\n<p class=\"has-font-size-xl-font-size\" style=\"margin-bottom:30px\">Presidente ejecutivo FLUIDRA<\/p>\n\n\n\n<h3 class=\"wp-block-heading has-h-4-font-size\" style=\"margin-bottom:10px\"><strong>Pau Xifra Rosich<\/strong><div><span class=\"s1\"><span style=\"font-weight: 700;\"><\/span><\/span><\/div><\/h3>\n\n\n\n<p class=\"has-font-size-xl-font-size\" style=\"margin-bottom:10px\"><em><em><em><em><em>Vocal<\/em><\/em><\/em><\/em><\/em><\/p>\n\n\n\n<p class=\"has-font-size-xl-font-size\" style=\"margin-bottom:40px\">Presidente COMEXI GROUP<\/p>\n\n\n\n<h3 class=\"wp-block-heading has-h-4-font-size\" style=\"margin-bottom:10px\"><strong>N\u00faria Betriu S\u00e1nchez<\/strong><div><span class=\"s1\"><span style=\"font-weight: 700;\"><\/span><\/span><\/div><\/h3>\n\n\n\n<p class=\"has-font-size-xl-font-size\" style=\"margin-bottom:10px\"><em><em><em><em><em>Vocal<\/em><\/em><\/em><\/em><\/em><\/p>\n\n\n\n<p class=\"has-font-size-xl-font-size\" style=\"margin-bottom:40px\">Consejera delegada PASTISART<\/p>\n\n\n\n<h3 class=\"wp-block-heading has-h-4-font-size\" style=\"margin-bottom:10px\"><strong>Maria Font Oliv\u00e9<\/strong><div><span class=\"s1\"><span style=\"font-weight: 700;\"><\/span><span style=\"font-weight: 700;\"><\/span><\/span><\/div><\/h3>\n\n\n\n<p class=\"has-font-size-xl-font-size\" style=\"margin-bottom:10px\"><em><em><em><em><em>Vocal<\/em><\/em><\/em><\/em><\/em><\/p>\n\n\n\n<p class=\"has-font-size-xl-font-size\" style=\"margin-bottom:40px\">Directora corporativa FONT PACKAGING GROUP<\/p>\n\n\n\n<h3 class=\"wp-block-heading has-h-4-font-size\" style=\"margin-bottom:10px\"><strong>Vanesa Mart\u00ednez Chamorro<\/strong><div><span class=\"s1\"><span style=\"font-weight: 700;\"><\/span><span style=\"font-weight: 700;\"><\/span><span style=\"font-weight: 700;\"><\/span><\/span><\/div><\/h3>\n\n\n\n<p class=\"has-font-size-xl-font-size\" style=\"margin-bottom:10px\"><em><em><em><em><em>Vocal<\/em><\/em><\/em><\/em><\/em><\/p>\n\n\n\n<p class=\"has-font-size-xl-font-size\" style=\"margin-bottom:40px\">Consejera delegada GRUPO CARINSA<\/p>\n\n\n\n<h3 class=\"wp-block-heading has-h-4-font-size\" style=\"margin-bottom:10px\"><strong>Carel Peter Lammers<\/strong><div><span class=\"s1\"><span style=\"font-weight: 700;\"><\/span><span style=\"font-weight: 700;\"><\/span><span style=\"font-weight: 700;\"><\/span><span style=\"font-weight: 700;\"><\/span><\/span><\/div><\/h3>\n\n\n\n<p class=\"has-font-size-xl-font-size\" style=\"margin-bottom:10px\"><em><em><em><em><em>Vocal<\/em><\/em><\/em><\/em><\/em><\/p>\n\n\n\n<p class=\"has-font-size-xl-font-size\" style=\"margin-bottom:40px\">Director gerente A.RAYMOND<\/p>\n\n\n\n<h3 class=\"wp-block-heading has-h-4-font-size\" style=\"margin-bottom:10px\"><strong>Albert Giralt Cadevall<\/strong><div><span class=\"s1\"><span style=\"font-weight: 700;\"><\/span><span style=\"font-weight: 700;\"><\/span><span style=\"font-weight: 700;\"><\/span><span style=\"font-weight: 700;\"><\/span><span style=\"font-weight: 700;\"><\/span><\/span><\/div><\/h3>\n\n\n\n<p class=\"has-font-size-xl-font-size\" style=\"margin-bottom:10px\"><em><em><em><em><em>Vocal<\/em><\/em><\/em><\/em><\/em><\/p>\n\n\n\n<p class=\"has-font-size-xl-font-size\" style=\"margin-bottom:40px\">Consejero delegado AVINENT GROUP<\/p>\n\n\n\n<h3 class=\"wp-block-heading has-h-4-font-size\" style=\"margin-bottom:10px\"><strong>Jaume Alsina Casalduero<\/strong><\/h3>\n\n\n\n<p class=\"has-font-size-xl-font-size\" style=\"margin-bottom:10px\"><em>Vocal<\/em><\/p>\n\n\n\n<p class=\"has-font-size-xl-font-size\" style=\"margin-bottom:40px\">Consejero delegado ALSINA<\/p>\n\n\n\n<h3 class=\"wp-block-heading has-h-4-font-size\" style=\"margin-bottom:10px\"><strong>Marta Vidal Oll\u00e9<\/strong><\/h3>\n\n\n\n<p class=\"has-font-size-xl-font-size\" style=\"margin-bottom:10px\"><em>Vocal<\/em><\/p>\n\n\n\n<p class=\"has-font-size-xl-font-size\">Consejera delegada VALLFORMOSA<\/p>\n\n\n\n<h2 class=\"wp-block-heading has-h-3-font-size\" id=\"admissions-committee\" style=\"margin-top:100px;margin-bottom:30px\"><strong>Comisi\u00f3n Delegada de Admisiones<\/strong><\/h2>\n\n\n\n<h3 class=\"wp-block-heading has-h-4-font-size\" style=\"margin-bottom:10px\"><strong>N\u00faria Betriu S\u00e1nchez<\/strong><\/h3>\n\n\n\n<p class=\"has-font-size-xl-font-size\" style=\"margin-bottom:10px\"><em>Vocal<\/em><\/p>\n\n\n\n<p class=\"has-font-size-xl-font-size\" style=\"margin-bottom:40px\">Consejera delegada PASTISART<\/p>\n\n\n\n<h3 class=\"wp-block-heading has-h-4-font-size\" style=\"margin-bottom:10px\"><strong>Martina Font Oliv\u00e9<\/strong><\/h3>\n\n\n\n<p class=\"has-font-size-xl-font-size\" style=\"margin-bottom:10px\"><em>Vocal<\/em><\/p>\n\n\n\n<p class=\"has-font-size-xl-font-size\" style=\"margin-bottom:40px\">Directora corporativa FONT PACKAGING GROUP<\/p>\n\n\n\n<h2 class=\"wp-block-heading has-h-3-font-size\" id=\"management-team\" style=\"margin-top:100px;margin-bottom:30px\"><strong>Equipo directivo<\/strong><\/h2>\n\n\n\n<h3 class=\"wp-block-heading has-h-4-font-size\" style=\"margin-bottom:10px\"><strong>Xavier Marcet Gisbert<\/strong><\/h3>\n\n\n\n<p class=\"has-font-size-xl-font-size\" style=\"margin-bottom:10px\"><em>Advisor<\/em><\/p>\n\n\n\n<p class=\"has-font-size-xl-font-size\" style=\"margin-bottom:40px\">Presidente LTC MARLEX<\/p>\n\n\n\n<h3 class=\"wp-block-heading has-h-4-font-size\" style=\"margin-bottom:10px\"><strong>Mireia Mir Pom\u00e9s<\/strong><\/h3>\n\n\n\n<p class=\"has-font-size-xl-font-size\" style=\"margin-bottom:10px\"><em>Directora general INDPULS<\/em><\/p>\n\n\n\t<\/div>\n<\/div>\n","protected":false},"excerpt":{"rendered":"","protected":false},"author":1,"featured_media":0,"parent":0,"menu_order":10,"comment_status":"closed","ping_status":"closed","template":"","meta":{"_acf_changed":false,"footnotes":""},"class_list":["post-2386","page","type-page","status-publish","hentry"],"acf":[],"yoast_head":"<!-- This site is optimized with the Yoast SEO plugin v27.2 - https:\/\/yoast.com\/product\/yoast-seo-wordpress\/ -->\n<title>Transparencia - INDPULS | Innovaci\u00f3n colaborativa entre startups y empresas<\/title>\n<meta name=\"robots\" content=\"index, follow, max-snippet:-1, max-image-preview:large, max-video-preview:-1\" \/>\n<link rel=\"canonical\" href=\"https:\/\/indpuls.tech\/es\/transparencia\/\" \/>\n<meta property=\"og:locale\" content=\"es_ES\" \/>\n<meta property=\"og:type\" content=\"article\" \/>\n<meta property=\"og:title\" content=\"Transparencia - INDPULS | Innovaci\u00f3n colaborativa entre startups y empresas\" \/>\n<meta property=\"og:url\" content=\"https:\/\/indpuls.tech\/es\/transparencia\/\" \/>\n<meta property=\"og:site_name\" content=\"INDPULS | Innovaci\u00f3n colaborativa entre startups y empresas\" \/>\n<meta property=\"article:modified_time\" content=\"2026-02-06T11:24:35+00:00\" \/>\n<meta name=\"twitter:card\" content=\"summary_large_image\" \/>\n<meta name=\"twitter:site\" content=\"@INDPULS_Tech\" \/>\n<meta name=\"twitter:label1\" content=\"Tiempo de lectura\" \/>\n\t<meta name=\"twitter:data1\" content=\"2 minutos\" \/>\n<script type=\"application\/ld+json\" class=\"yoast-schema-graph\">{\"@context\":\"https:\/\/schema.org\",\"@graph\":[{\"@type\":\"WebPage\",\"@id\":\"https:\/\/indpuls.tech\/es\/transparencia\/\",\"url\":\"https:\/\/indpuls.tech\/es\/transparencia\/\",\"name\":\"Transparencia - INDPULS | Innovaci\u00f3n colaborativa entre startups y empresas\",\"isPartOf\":{\"@id\":\"https:\/\/indpuls.tech\/en\/#website\"},\"datePublished\":\"2024-09-06T15:50:03+00:00\",\"dateModified\":\"2026-02-06T11:24:35+00:00\",\"breadcrumb\":{\"@id\":\"https:\/\/indpuls.tech\/es\/transparencia\/#breadcrumb\"},\"inLanguage\":\"es\",\"potentialAction\":[{\"@type\":\"ReadAction\",\"target\":[\"https:\/\/indpuls.tech\/es\/transparencia\/\"]}]},{\"@type\":\"BreadcrumbList\",\"@id\":\"https:\/\/indpuls.tech\/es\/transparencia\/#breadcrumb\",\"itemListElement\":[{\"@type\":\"ListItem\",\"position\":1,\"name\":\"Home\",\"item\":\"https:\/\/indpuls.tech\/es\/\"},{\"@type\":\"ListItem\",\"position\":2,\"name\":\"Transparencia\"}]},{\"@type\":\"WebSite\",\"@id\":\"https:\/\/indpuls.tech\/en\/#website\",\"url\":\"https:\/\/indpuls.tech\/en\/\",\"name\":\"INDPULS\",\"description\":\"En Indpuls apostamos por el compromiso con la innovaci\u00f3n y el crecimiento empresarial sostenible en el nuevo ecosistema digital.\",\"publisher\":{\"@id\":\"https:\/\/indpuls.tech\/en\/#organization\"},\"potentialAction\":[{\"@type\":\"SearchAction\",\"target\":{\"@type\":\"EntryPoint\",\"urlTemplate\":\"https:\/\/indpuls.tech\/en\/?s={search_term_string}\"},\"query-input\":{\"@type\":\"PropertyValueSpecification\",\"valueRequired\":true,\"valueName\":\"search_term_string\"}}],\"inLanguage\":\"es\"},{\"@type\":\"Organization\",\"@id\":\"https:\/\/indpuls.tech\/en\/#organization\",\"name\":\"INDPULS\",\"url\":\"https:\/\/indpuls.tech\/en\/\",\"logo\":{\"@type\":\"ImageObject\",\"inLanguage\":\"es\",\"@id\":\"https:\/\/indpuls.tech\/en\/#\/schema\/logo\/image\/\",\"url\":\"https:\/\/indpuls.tech\/wp-content\/uploads\/2024\/08\/header-logo.svg\",\"contentUrl\":\"https:\/\/indpuls.tech\/wp-content\/uploads\/2024\/08\/header-logo.svg\",\"width\":204,\"height\":27,\"caption\":\"INDPULS\"},\"image\":{\"@id\":\"https:\/\/indpuls.tech\/en\/#\/schema\/logo\/image\/\"},\"sameAs\":[\"https:\/\/x.com\/INDPULS_Tech\",\"https:\/\/www.linkedin.com\/company\/indpuls-tech\/\"]}]}<\/script>\n<!-- \/ Yoast SEO plugin. -->","yoast_head_json":{"title":"Transparencia - INDPULS | Innovaci\u00f3n colaborativa entre startups y empresas","robots":{"index":"index","follow":"follow","max-snippet":"max-snippet:-1","max-image-preview":"max-image-preview:large","max-video-preview":"max-video-preview:-1"},"canonical":"https:\/\/indpuls.tech\/es\/transparencia\/","og_locale":"es_ES","og_type":"article","og_title":"Transparencia - INDPULS | Innovaci\u00f3n colaborativa entre startups y empresas","og_url":"https:\/\/indpuls.tech\/es\/transparencia\/","og_site_name":"INDPULS | Innovaci\u00f3n colaborativa entre startups y empresas","article_modified_time":"2026-02-06T11:24:35+00:00","twitter_card":"summary_large_image","twitter_site":"@INDPULS_Tech","twitter_misc":{"Tiempo de lectura":"2 minutos"},"schema":{"@context":"https:\/\/schema.org","@graph":[{"@type":"WebPage","@id":"https:\/\/indpuls.tech\/es\/transparencia\/","url":"https:\/\/indpuls.tech\/es\/transparencia\/","name":"Transparencia - INDPULS | Innovaci\u00f3n colaborativa entre startups y empresas","isPartOf":{"@id":"https:\/\/indpuls.tech\/en\/#website"},"datePublished":"2024-09-06T15:50:03+00:00","dateModified":"2026-02-06T11:24:35+00:00","breadcrumb":{"@id":"https:\/\/indpuls.tech\/es\/transparencia\/#breadcrumb"},"inLanguage":"es","potentialAction":[{"@type":"ReadAction","target":["https:\/\/indpuls.tech\/es\/transparencia\/"]}]},{"@type":"BreadcrumbList","@id":"https:\/\/indpuls.tech\/es\/transparencia\/#breadcrumb","itemListElement":[{"@type":"ListItem","position":1,"name":"Home","item":"https:\/\/indpuls.tech\/es\/"},{"@type":"ListItem","position":2,"name":"Transparencia"}]},{"@type":"WebSite","@id":"https:\/\/indpuls.tech\/en\/#website","url":"https:\/\/indpuls.tech\/en\/","name":"INDPULS","description":"En Indpuls apostamos por el compromiso con la innovaci\u00f3n y el crecimiento empresarial sostenible en el nuevo ecosistema digital.","publisher":{"@id":"https:\/\/indpuls.tech\/en\/#organization"},"potentialAction":[{"@type":"SearchAction","target":{"@type":"EntryPoint","urlTemplate":"https:\/\/indpuls.tech\/en\/?s={search_term_string}"},"query-input":{"@type":"PropertyValueSpecification","valueRequired":true,"valueName":"search_term_string"}}],"inLanguage":"es"},{"@type":"Organization","@id":"https:\/\/indpuls.tech\/en\/#organization","name":"INDPULS","url":"https:\/\/indpuls.tech\/en\/","logo":{"@type":"ImageObject","inLanguage":"es","@id":"https:\/\/indpuls.tech\/en\/#\/schema\/logo\/image\/","url":"https:\/\/indpuls.tech\/wp-content\/uploads\/2024\/08\/header-logo.svg","contentUrl":"https:\/\/indpuls.tech\/wp-content\/uploads\/2024\/08\/header-logo.svg","width":204,"height":27,"caption":"INDPULS"},"image":{"@id":"https:\/\/indpuls.tech\/en\/#\/schema\/logo\/image\/"},"sameAs":["https:\/\/x.com\/INDPULS_Tech","https:\/\/www.linkedin.com\/company\/indpuls-tech\/"]}]}},"_links":{"self":[{"href":"https:\/\/indpuls.tech\/es\/wp-json\/wp\/v2\/pages\/2386","targetHints":{"allow":["GET"]}}],"collection":[{"href":"https:\/\/indpuls.tech\/es\/wp-json\/wp\/v2\/pages"}],"about":[{"href":"https:\/\/indpuls.tech\/es\/wp-json\/wp\/v2\/types\/page"}],"author":[{"embeddable":true,"href":"https:\/\/indpuls.tech\/es\/wp-json\/wp\/v2\/users\/1"}],"replies":[{"embeddable":true,"href":"https:\/\/indpuls.tech\/es\/wp-json\/wp\/v2\/comments?post=2386"}],"version-history":[{"count":10,"href":"https:\/\/indpuls.tech\/es\/wp-json\/wp\/v2\/pages\/2386\/revisions"}],"predecessor-version":[{"id":8483,"href":"https:\/\/indpuls.tech\/es\/wp-json\/wp\/v2\/pages\/2386\/revisions\/8483"}],"wp:attachment":[{"href":"https:\/\/indpuls.tech\/es\/wp-json\/wp\/v2\/media?parent=2386"}],"curies":[{"name":"wp","href":"https:\/\/api.w.org\/{rel}","templated":true}]}}