{"id":2424,"date":"2024-09-07T06:59:41","date_gmt":"2024-09-07T06:59:41","guid":{"rendered":"https:\/\/indpuls.tech\/avis-legal\/"},"modified":"2026-02-06T11:40:35","modified_gmt":"2026-02-06T11:40:35","slug":"aviso-legal","status":"publish","type":"page","link":"https:\/\/indpuls.tech\/es\/aviso-legal\/","title":{"rendered":"Aviso legal"},"content":{"rendered":"<div\nstyle=\"padding-top:var(--wp--preset--spacing--space-60);padding-bottom:var(--wp--preset--spacing--space-60);\" class=\"ob-container ob-container--width-default ob-container--offset- has-none-background-color ob-container--radius-none ob-container--radius- wp-block-ob-container\">\n\t<div class=\"ob-container__inner\">\n\t\t\n\n<h2 class=\"wp-block-heading\">Aviso legal<\/h2>\n\n\n\n<p>Est\u00e1s visitando&nbsp;indpuls.tech, p\u00e1gina web que pertenece a ASSOCIACI\u00d3 INDPULS y agradecemos tu inter\u00e9s en leer las condiciones legales. Aqu\u00ed se definen los t\u00e9rminos y condiciones legales que definen las relaciones entre los usuarios y nosotros, como responsables de esta web. Como usuario,&nbsp;<strong>es importante que conozcas estos t\u00e9rminos antes de continuar tu navegaci\u00f3n.<\/strong><\/p>\n\n\n\n<p><strong>1. Datos del Responsable<\/strong><\/p>\n\n\n\n<p><strong>Identidad del Responsable:<\/strong>&nbsp;ASSOCIACI\u00d3 INDPULS<\/p>\n\n\n\n<p><strong>Nombre comercial: <\/strong>INDPULS<\/p>\n\n\n\n<p><strong>NIF\/CIF:<\/strong>&nbsp;G10585313<\/p>\n\n\n\n<p><strong>Direcci\u00f3n:<\/strong>&nbsp;Carrer de Sancho de \u00c0vila, 66 08018 Barcelona<\/p>\n\n\n\n<p><strong>Datos registrales:<\/strong>&nbsp;La&nbsp;ASSOCIACI\u00d3 INDPULS&nbsp;es una asociaci\u00f3n privada sin \u00e1nimo de lucro que se constituy\u00f3 en fecha 29\/03\/2022 y con N\u00famero de inscripci\u00f3n 71519 y Fecha Resoluci\u00f3n 15\/07\/2022 al Registro de Asociaciones del Departamento de Justicia de la Generalitat de Catalu\u00f1a.&nbsp;<\/p>\n\n\n\n<p><strong>Correo electr\u00f3nico:\u00a0<\/strong><a href=\"mailto:info@indpuls.tech\">info@indpuls.tech<\/a><\/p>\n\n\n\n<p><strong>2. Condiciones generales de uso<\/strong><\/p>\n\n\n\n<ul class=\"wp-block-list\">\n<li>El Usuario accede voluntariamente a este Sitio web, lo cual implica que lo utilizar\u00e1 conforme al presente aviso legal, la ley, la moral, la buena fe y\/o las buenas costumbres.<\/li>\n\n\n\n<li>La utilizaci\u00f3n de este Sitio web supone la aceptaci\u00f3n de este aviso legal.<\/li>\n\n\n\n<li>Las p\u00e1ginas web de este Sitio web pueden ser visitadas libremente por los usuarios y no requiere la suscripci\u00f3n previa o el registro de usuarios.<\/li>\n\n\n\n<li>ASSOCIACI\u00d3 INDPULS se reserva el derecho a modificar sin previo aviso el contenido de este aviso legal, por lo tanto, y para una correcta utilizaci\u00f3n del Sitio web, le recomendamos que visite peri\u00f3dicamente esta secci\u00f3n.<\/li>\n<\/ul>\n\n\n\n<p><strong>3. Propiedad intelectual e industrial<\/strong><\/p>\n\n\n\n<p>Todos los derechos son titularidad de&nbsp;ASSOCIACI\u00d3 INDPULS, especialmente:&nbsp;<\/p>\n\n\n\n<ul class=\"wp-block-list\">\n<li>Este Sitio web y los contenidos incluidos en este: art\u00edculos, textos, im\u00e1genes, logotipos, marcas, botones, software, etc. est\u00e1n protegidos por la legislaci\u00f3n vigente en propiedad industrial e intelectual y son propiedad de&nbsp;ASSOCIACI\u00d3 INDPULS&nbsp;o de terceros que han autorizado su uso a&nbsp;ASSOCIACI\u00d3 INDPULS, quedando expresamente prohibida la explotaci\u00f3n sin la autorizaci\u00f3n de&nbsp;ASSOCIACI\u00d3 INDPULS.<\/li>\n\n\n\n<li>El acceso a este Sitio web no supone, en ning\u00fan caso, la adquisici\u00f3n por parte de los usuarios de ning\u00fan derecho de propiedad sobre los contenidos que figuran en este.<\/li>\n\n\n\n<li>ASSOCIACI\u00d3 INDPULS se reserva el derecho a modificar, actualizar o suprimir cualquiera de los contenidos de este Sitio web, en cualquier momento y sin previo aviso.<\/li>\n<\/ul>\n\n\n\n<p>\u2013 Se permite la creaci\u00f3n de enlaces (\u201clinks\u201d) en este Sitio web, siempre que lo est\u00e9n en la p\u00e1gina principal. Se proh\u00edben expresamente enlaces profundos en otras p\u00e1ginas (\u201cdeep link\u201d), su enmarcado (\u201cframing\u201d) as\u00ed como cualquier otro no autorizado. En este sentido, aquellas personas que deseen establecer un \u201clink\u201d o enlace entre su p\u00e1gina web y este Sitio web tendr\u00e1n que recabar la autorizaci\u00f3n expresa y por escrito de ASSOCIACI\u00d3 INDPULS sin que esto implique una relaci\u00f3n entre esta y el titular de la p\u00e1gina en la cual se establezca el \u201clink\u201d, ni la aprobaci\u00f3n o aceptaci\u00f3n por parte de ASSOCIACI\u00d3 INDPULS de sus contenidos o servicios.<\/p>\n\n\n\n<p><strong>4. Compromisos y obligaciones del usuario<\/strong><\/p>\n\n\n\n<ul class=\"wp-block-list\">\n<li>Queda prohibido el uso de la web, con fines il\u00edcitos o lesivos, o que, de cualquier forma, puedan causar perjuicio o impedir el normal funcionamiento del sitio web. Respecto de los contenidos de este Sitio web, se proh\u00edbe (i) su reproducci\u00f3n, distribuci\u00f3n o modificaci\u00f3n, total o parcial, salvo que se cuente con nuestra autorizaci\u00f3n como leg\u00edtimo titular; (ii) cualquier vulneraci\u00f3n de los derechos del prestamista o nuestro como leg\u00edtimo titular; y (iii) su utilizaci\u00f3n para finalidades comerciales o publicitarias.<\/li>\n\n\n\n<li>En la utilizaci\u00f3n de la web&nbsp;Indpuls.tech&nbsp;el usuario se compromete a no llevar a cabo ninguna conducta que pueda da\u00f1ar la imagen, los intereses y los derechos de ASSOCIACI\u00d3 INDPULS o de terceros o que pueda da\u00f1ar, inutilizar o sobrecargar el portal de ASSOCIACI\u00d3 INDPULS o que impida, de cualquier forma, la normal utilizaci\u00f3n del Sitio web.<\/li>\n<\/ul>\n\n\n\n<p><strong>5. Limitaci\u00f3n de la responsabilidad<\/strong><\/p>\n\n\n\n<ul class=\"wp-block-list\">\n<li>ASSOCIACI\u00d3 INDPULS se reserva el derecho a interrumpir el acceso al Sitio web, as\u00ed como la prestaci\u00f3n de cualquier servicio a trav\u00e9s del mismo en cualquier momento y sin previo aviso, sea por motivos t\u00e9cnicos, de seguridad, de mantenimiento o por cualquier otra causa.<\/li>\n\n\n\n<li>ASSOCIACI\u00d3 INDPULS no ser\u00e1 responsable en caso de que se tenga que interrumpir el servicio, retraso o mal funcionamiento y otros inconvenientes que tengan su origen en causas que se escapen del control de ASSOCIACI\u00d3 INDPULS y\/o sean debidas a una actuaci\u00f3n dolosa o culpable del usuario y\/o tengan su origen por causas de fuerza mayor.<\/li>\n\n\n\n<li>La informaci\u00f3n contenida en este Sitio web puede no ser correcta, a pesar de los esfuerzos realizados para llevar a cabo su exactitud y actualizaci\u00f3n. En consecuencia, ASSOCIACI\u00d3 INDPULS no se responsabiliza de los errores contenidos, ni de los da\u00f1os o perjuicios derivados de su utilizaci\u00f3n.<\/li>\n\n\n\n<li>Este Sitio web puede contener enlaces a otros lugares webs del contenido de los cuales, utilidad o exactitud no se puede responsabilizar ASSOCIACI\u00d3 INDPULS. La incorporaci\u00f3n de un enlace en este Sitio web no puede considerarse una recomendaci\u00f3n a los usuarios para que procedan a su utilizaci\u00f3n, la decisi\u00f3n de utilizarlos es responsabilidad de estos \u00faltimos.&nbsp;<\/li>\n\n\n\n<li>ASSOCIACI\u00d3 INDPULS no se hace responsable de los da\u00f1os y perjuicios derivados del uso de este Sitio web o de sus contenidos, no garantizando la ausencia de virus o la imposibilidad de causar da\u00f1os en los sistemas inform\u00e1ticos del usuario.&nbsp;ASSOCIACI\u00d3 INDPULS no puede garantizar la inexistencia de malware u otros elementos que puedan producir alteraciones en los sistemas inform\u00e1ticos (software y hardware) del usuario o en sus documentos electr\u00f3nicos y ficheros contenidos en estos, aunque ponga todos los medios necesarios y las medidas de seguridad oportunas para evitar la presencia de estos elementos nocivos.<\/li>\n\n\n\n<li>ASSOCIACI\u00d3 INDPULS no se responsabiliza del mal uso que se pueda hacer de este Sitio web.<\/li>\n\n\n\n<li>Este Sitio web puede contener enlaces a otros lugares webs del contenido de los cuales, utilidad o exactitud no se puede responsabilizar ASSOCIACI\u00d3 INDPULS. La incorporaci\u00f3n de un enlace en este Sitio web no puede considerarse una recomendaci\u00f3n a los usuarios para que procedan a su utilizaci\u00f3n, la decisi\u00f3n de utilizarlos es responsabilidad de estos \u00faltimos.<\/li>\n<\/ul>\n\n\n\n<p><strong>6. Legislaci\u00f3n aplicable y Tribunales competentes<\/strong><\/p>\n\n\n\n<p>Las condiciones de este Sitio web y las relaciones entre el usuario y ASSOCIACI\u00d3INDPULS se regir\u00e1n por la legislaci\u00f3n y jurisdicci\u00f3n espa\u00f1ola. Para conocer cualquier discrepancia que pueda surgir entre el usuario y ASSOCIACI\u00d3 INDPULS ambas partes se someten a los Juzgados y Tribunales de la ciudad de Barcelona (Espa\u00f1a).<\/p>\n\n\n\n<p><strong>7. Contacto<\/strong><\/p>\n\n\n\n<p>En caso de que cualquier usuario tuviera alguna duda sobre estas Condiciones legales o cualquier comentario sobre el portal indpuls.tech, por favor dir\u00edjase a\u00a0<a href=\"mailto:info@indpuls.tech\">info@indpuls.tech<\/a><\/p>\n\n\n\n<p><em>El aviso legal ha sido actualizado por \u00faltima vez\u00a0el 06\/02\/2026<\/em><\/p>\n\n\n\t<\/div>\n<\/div>\n","protected":false},"excerpt":{"rendered":"","protected":false},"author":3,"featured_media":0,"parent":0,"menu_order":13,"comment_status":"closed","ping_status":"closed","template":"","meta":{"_acf_changed":false,"footnotes":""},"class_list":["post-2424","page","type-page","status-publish","hentry"],"acf":[],"yoast_head":"<!-- This site is optimized with the Yoast SEO plugin v27.3 - https:\/\/yoast.com\/product\/yoast-seo-wordpress\/ -->\n<title>Aviso legal - INDPULS | Innovaci\u00f3n colaborativa entre startups y empresas<\/title>\n<meta name=\"robots\" content=\"index, follow, max-snippet:-1, max-image-preview:large, max-video-preview:-1\" \/>\n<link rel=\"canonical\" href=\"https:\/\/indpuls.tech\/es\/aviso-legal\/\" \/>\n<meta property=\"og:locale\" content=\"es_ES\" \/>\n<meta property=\"og:type\" content=\"article\" \/>\n<meta property=\"og:title\" content=\"Aviso legal - INDPULS | Innovaci\u00f3n colaborativa entre startups y empresas\" \/>\n<meta property=\"og:url\" content=\"https:\/\/indpuls.tech\/es\/aviso-legal\/\" \/>\n<meta property=\"og:site_name\" content=\"INDPULS | Innovaci\u00f3n colaborativa entre startups y empresas\" \/>\n<meta property=\"article:modified_time\" content=\"2026-02-06T11:40:35+00:00\" \/>\n<meta name=\"twitter:card\" content=\"summary_large_image\" \/>\n<meta name=\"twitter:site\" content=\"@INDPULS_Tech\" \/>\n<meta name=\"twitter:label1\" content=\"Tiempo de lectura\" \/>\n\t<meta name=\"twitter:data1\" content=\"6 minutos\" \/>\n<script type=\"application\/ld+json\" class=\"yoast-schema-graph\">{\"@context\":\"https:\\\/\\\/schema.org\",\"@graph\":[{\"@type\":\"WebPage\",\"@id\":\"https:\\\/\\\/indpuls.tech\\\/es\\\/aviso-legal\\\/\",\"url\":\"https:\\\/\\\/indpuls.tech\\\/es\\\/aviso-legal\\\/\",\"name\":\"Aviso legal - INDPULS | Innovaci\u00f3n colaborativa entre startups y empresas\",\"isPartOf\":{\"@id\":\"https:\\\/\\\/indpuls.tech\\\/en\\\/#website\"},\"datePublished\":\"2024-09-07T06:59:41+00:00\",\"dateModified\":\"2026-02-06T11:40:35+00:00\",\"breadcrumb\":{\"@id\":\"https:\\\/\\\/indpuls.tech\\\/es\\\/aviso-legal\\\/#breadcrumb\"},\"inLanguage\":\"es\",\"potentialAction\":[{\"@type\":\"ReadAction\",\"target\":[\"https:\\\/\\\/indpuls.tech\\\/es\\\/aviso-legal\\\/\"]}]},{\"@type\":\"BreadcrumbList\",\"@id\":\"https:\\\/\\\/indpuls.tech\\\/es\\\/aviso-legal\\\/#breadcrumb\",\"itemListElement\":[{\"@type\":\"ListItem\",\"position\":1,\"name\":\"Home\",\"item\":\"https:\\\/\\\/indpuls.tech\\\/es\\\/\"},{\"@type\":\"ListItem\",\"position\":2,\"name\":\"Aviso legal\"}]},{\"@type\":\"WebSite\",\"@id\":\"https:\\\/\\\/indpuls.tech\\\/en\\\/#website\",\"url\":\"https:\\\/\\\/indpuls.tech\\\/en\\\/\",\"name\":\"INDPULS\",\"description\":\"En Indpuls apostamos por el compromiso con la innovaci\u00f3n y el crecimiento empresarial sostenible en el nuevo ecosistema digital.\",\"publisher\":{\"@id\":\"https:\\\/\\\/indpuls.tech\\\/en\\\/#organization\"},\"potentialAction\":[{\"@type\":\"SearchAction\",\"target\":{\"@type\":\"EntryPoint\",\"urlTemplate\":\"https:\\\/\\\/indpuls.tech\\\/en\\\/?s={search_term_string}\"},\"query-input\":{\"@type\":\"PropertyValueSpecification\",\"valueRequired\":true,\"valueName\":\"search_term_string\"}}],\"inLanguage\":\"es\"},{\"@type\":\"Organization\",\"@id\":\"https:\\\/\\\/indpuls.tech\\\/en\\\/#organization\",\"name\":\"INDPULS\",\"url\":\"https:\\\/\\\/indpuls.tech\\\/en\\\/\",\"logo\":{\"@type\":\"ImageObject\",\"inLanguage\":\"es\",\"@id\":\"https:\\\/\\\/indpuls.tech\\\/en\\\/#\\\/schema\\\/logo\\\/image\\\/\",\"url\":\"https:\\\/\\\/indpuls.tech\\\/wp-content\\\/uploads\\\/2024\\\/08\\\/header-logo.svg\",\"contentUrl\":\"https:\\\/\\\/indpuls.tech\\\/wp-content\\\/uploads\\\/2024\\\/08\\\/header-logo.svg\",\"width\":204,\"height\":27,\"caption\":\"INDPULS\"},\"image\":{\"@id\":\"https:\\\/\\\/indpuls.tech\\\/en\\\/#\\\/schema\\\/logo\\\/image\\\/\"},\"sameAs\":[\"https:\\\/\\\/x.com\\\/INDPULS_Tech\",\"https:\\\/\\\/www.linkedin.com\\\/company\\\/indpuls-tech\\\/\"]}]}<\/script>\n<!-- \/ Yoast SEO plugin. -->","yoast_head_json":{"title":"Aviso legal - INDPULS | Innovaci\u00f3n colaborativa entre startups y empresas","robots":{"index":"index","follow":"follow","max-snippet":"max-snippet:-1","max-image-preview":"max-image-preview:large","max-video-preview":"max-video-preview:-1"},"canonical":"https:\/\/indpuls.tech\/es\/aviso-legal\/","og_locale":"es_ES","og_type":"article","og_title":"Aviso legal - INDPULS | Innovaci\u00f3n colaborativa entre startups y empresas","og_url":"https:\/\/indpuls.tech\/es\/aviso-legal\/","og_site_name":"INDPULS | Innovaci\u00f3n colaborativa entre startups y empresas","article_modified_time":"2026-02-06T11:40:35+00:00","twitter_card":"summary_large_image","twitter_site":"@INDPULS_Tech","twitter_misc":{"Tiempo de lectura":"6 minutos"},"schema":{"@context":"https:\/\/schema.org","@graph":[{"@type":"WebPage","@id":"https:\/\/indpuls.tech\/es\/aviso-legal\/","url":"https:\/\/indpuls.tech\/es\/aviso-legal\/","name":"Aviso legal - INDPULS | Innovaci\u00f3n colaborativa entre startups y empresas","isPartOf":{"@id":"https:\/\/indpuls.tech\/en\/#website"},"datePublished":"2024-09-07T06:59:41+00:00","dateModified":"2026-02-06T11:40:35+00:00","breadcrumb":{"@id":"https:\/\/indpuls.tech\/es\/aviso-legal\/#breadcrumb"},"inLanguage":"es","potentialAction":[{"@type":"ReadAction","target":["https:\/\/indpuls.tech\/es\/aviso-legal\/"]}]},{"@type":"BreadcrumbList","@id":"https:\/\/indpuls.tech\/es\/aviso-legal\/#breadcrumb","itemListElement":[{"@type":"ListItem","position":1,"name":"Home","item":"https:\/\/indpuls.tech\/es\/"},{"@type":"ListItem","position":2,"name":"Aviso legal"}]},{"@type":"WebSite","@id":"https:\/\/indpuls.tech\/en\/#website","url":"https:\/\/indpuls.tech\/en\/","name":"INDPULS","description":"En Indpuls apostamos por el compromiso con la innovaci\u00f3n y el crecimiento empresarial sostenible en el nuevo ecosistema digital.","publisher":{"@id":"https:\/\/indpuls.tech\/en\/#organization"},"potentialAction":[{"@type":"SearchAction","target":{"@type":"EntryPoint","urlTemplate":"https:\/\/indpuls.tech\/en\/?s={search_term_string}"},"query-input":{"@type":"PropertyValueSpecification","valueRequired":true,"valueName":"search_term_string"}}],"inLanguage":"es"},{"@type":"Organization","@id":"https:\/\/indpuls.tech\/en\/#organization","name":"INDPULS","url":"https:\/\/indpuls.tech\/en\/","logo":{"@type":"ImageObject","inLanguage":"es","@id":"https:\/\/indpuls.tech\/en\/#\/schema\/logo\/image\/","url":"https:\/\/indpuls.tech\/wp-content\/uploads\/2024\/08\/header-logo.svg","contentUrl":"https:\/\/indpuls.tech\/wp-content\/uploads\/2024\/08\/header-logo.svg","width":204,"height":27,"caption":"INDPULS"},"image":{"@id":"https:\/\/indpuls.tech\/en\/#\/schema\/logo\/image\/"},"sameAs":["https:\/\/x.com\/INDPULS_Tech","https:\/\/www.linkedin.com\/company\/indpuls-tech\/"]}]}},"_links":{"self":[{"href":"https:\/\/indpuls.tech\/es\/wp-json\/wp\/v2\/pages\/2424","targetHints":{"allow":["GET"]}}],"collection":[{"href":"https:\/\/indpuls.tech\/es\/wp-json\/wp\/v2\/pages"}],"about":[{"href":"https:\/\/indpuls.tech\/es\/wp-json\/wp\/v2\/types\/page"}],"author":[{"embeddable":true,"href":"https:\/\/indpuls.tech\/es\/wp-json\/wp\/v2\/users\/3"}],"replies":[{"embeddable":true,"href":"https:\/\/indpuls.tech\/es\/wp-json\/wp\/v2\/comments?post=2424"}],"version-history":[{"count":4,"href":"https:\/\/indpuls.tech\/es\/wp-json\/wp\/v2\/pages\/2424\/revisions"}],"predecessor-version":[{"id":8491,"href":"https:\/\/indpuls.tech\/es\/wp-json\/wp\/v2\/pages\/2424\/revisions\/8491"}],"wp:attachment":[{"href":"https:\/\/indpuls.tech\/es\/wp-json\/wp\/v2\/media?parent=2424"}],"curies":[{"name":"wp","href":"https:\/\/api.w.org\/{rel}","templated":true}]}}