{"id":531,"date":"2024-08-10T07:30:54","date_gmt":"2024-08-10T07:30:54","guid":{"rendered":"https:\/\/indpuls.localhost\/actividades\/"},"modified":"2026-03-16T07:56:44","modified_gmt":"2026-03-16T07:56:44","slug":"actividades","status":"publish","type":"page","link":"https:\/\/indpuls.tech\/es\/actividades\/","title":{"rendered":"Actividades"},"content":{"rendered":"\n<div \nstyle=\"--hero-desktop-bg: url(&quot;https:\/\/indpuls.tech\/wp-content\/uploads\/2024\/08\/activite-banner.jpg&quot;);--hero-mobile-bg: url(&quot;https:\/\/indpuls.tech\/wp-content\/uploads\/2024\/08\/activite-banner.jpg&quot;);\" class=\"omt-multi-hero has-background-color has-none-background-color wp-block-omt-multi-hero\"\t>\n\t<div class=\"container\">\n\t\t<div class=\"omt-multi-hero__content text-center\">\n\n\t\t\t<h1 class=\"omt-multi-hero__title\">Actividades<\/h1>\n\t\t\t\n\t\t\t\t\t<\/div>\n\t<\/div>\n<\/div>\n\n\n\n<div \nstyle=\"background:#ffffff\" class=\"omt-values wp-block-omt-values\" id=\"block_acb9b901fa93bcbfad606c7871f2e2e5\"\t>\n\t<div class=\"container\">\n\t\t<div class=\"omt-values__wrapper\">\n\t\t\t\t\t\t\t<h3 class=\"omt-values__heading has-h-3-font-size\">5 programas para avanzar en los retos de innovaci\u00f3n y reforzar la estrategia de innovaci\u00f3n de las empresas asociadas<\/h3>\n\t\t\t\t\t\t\t\t\t\t\t\t\t<div class=\"omt-values__list\">\n\t\t\t\t\t\t\t\t\t\t\t<div class=\"omt-values__list-item\">\n\t\t\t\t\t\t\t<div class=\"omt-values__img-block\">\n\t\t\t\t\t\t\t<img decoding=\"async\" width=\"64\" height=\"64\" src=\"https:\/\/indpuls.tech\/wp-content\/uploads\/2026\/03\/Co-innovacio\u2560u.svg\" class=\"omt-values__img\" alt=\"Co-innovation\" \/>\t\t\t\t\t\t\t<\/div>\n\t\t\t\t\t\t\t<div class=\"omt-values__details\">\n\t\t\t\t\t\t\t\t\t\t\t\t\t\t\t\t\t<h3 class=\"omt-values__list-title\">Co-innovaci\u00f3n<\/h3>\n\t\t\t\t\t\t\t\t\t\t\t\t\t\t\t\t<p>Plataforma de innovaci\u00f3n abierta para fortalecer las propuestas de valor de los asociados a trav\u00e9s de la co-creaci\u00f3n, involucr\u00e1ndolos en el proceso de innovaci\u00f3n y generando impacto. Se trabaja sobre retos transversales.<\/p>\n\t\t\t\t\t\t\t<\/div>\n\t\t\t\t\t\t<\/div>\n\t\t\t\t\t\t\t\t\t\t\t<div class=\"omt-values__list-item\">\n\t\t\t\t\t\t\t<div class=\"omt-values__img-block\">\n\t\t\t\t\t\t\t<img decoding=\"async\" width=\"76\" height=\"77\" src=\"https:\/\/indpuls.tech\/wp-content\/uploads\/2026\/03\/Trobadas-Innovacio\u2560u.svg\" class=\"omt-values__img\" alt=\"Innovation meetings\" \/>\t\t\t\t\t\t\t<\/div>\n\t\t\t\t\t\t\t<div class=\"omt-values__details\">\n\t\t\t\t\t\t\t\t\t\t\t\t\t\t\t\t\t<h3 class=\"omt-values__list-title\">Encuentros de innovaci\u00f3n<\/h3>\n\t\t\t\t\t\t\t\t\t\t\t\t\t\t\t\t<p>Plataforma para la creaci\u00f3n de la comunidad INDPULS. Encuentros para difundir, compartir y generar conocimiento. Sesiones internas para compartir e intercambiar conocimiento entre los asociados y fomentar la inspiraci\u00f3n con la participaci\u00f3n de ponentes externos.<\/p>\n\t\t\t\t\t\t\t<\/div>\n\t\t\t\t\t\t<\/div>\n\t\t\t\t\t\t\t\t\t\t\t<div class=\"omt-values__list-item\">\n\t\t\t\t\t\t\t<div class=\"omt-values__img-block\">\n\t\t\t\t\t\t\t<img decoding=\"async\" width=\"64\" height=\"64\" src=\"https:\/\/indpuls.tech\/wp-content\/uploads\/2026\/03\/Support-Startups.svg\" class=\"omt-values__img\" alt=\"Support Startups\" \/>\t\t\t\t\t\t\t<\/div>\n\t\t\t\t\t\t\t<div class=\"omt-values__details\">\n\t\t\t\t\t\t\t\t\t\t\t\t\t\t\t\t\t<h3 class=\"omt-values__list-title\">Apoyo a startups<\/h3>\n\t\t\t\t\t\t\t\t\t\t\t\t\t\t\t\t<p>Programa de contraste y crecimiento para startups, con opciones de inversi\u00f3n.\u2028 Queremos atraer startups con tecnolog\u00edas afines a los retos planteados por INDPULS y ofrecerles un proceso de colaboraci\u00f3n, intenso, con potencial de resultados de colaboraci\u00f3n o de inversi\u00f3n.<\/p>\n\t\t\t\t\t\t\t<\/div>\n\t\t\t\t\t\t<\/div>\n\t\t\t\t\t\t\t\t\t\t\t<div class=\"omt-values__list-item\">\n\t\t\t\t\t\t\t<div class=\"omt-values__img-block\">\n\t\t\t\t\t\t\t<img decoding=\"async\" width=\"76\" height=\"77\" src=\"https:\/\/indpuls.tech\/wp-content\/uploads\/2026\/03\/Radar-Tecnolo\u2560ugic.svg\" class=\"omt-values__img\" alt=\"Technology radar\" \/>\t\t\t\t\t\t\t<\/div>\n\t\t\t\t\t\t\t<div class=\"omt-values__details\">\n\t\t\t\t\t\t\t\t\t\t\t\t\t\t\t\t\t<h3 class=\"omt-values__list-title\">Radar tecnol\u00f3gico<\/h3>\n\t\t\t\t\t\t\t\t\t\t\t\t\t\t\t\t<p>Plataforma de observaci\u00f3n y escucha activa. Pipeline permanente de startups que inspiren nuevos productos y servicios, canales o modelos de negocio interesantes para las empresas de INDPULS.<\/p>\n\t\t\t\t\t\t\t<\/div>\n\t\t\t\t\t\t<\/div>\n\t\t\t\t\t\t\t\t\t\t\t<div class=\"omt-values__list-item\">\n\t\t\t\t\t\t\t<div class=\"omt-values__img-block\">\n\t\t\t\t\t\t\t<img decoding=\"async\" width=\"64\" height=\"64\" src=\"https:\/\/indpuls.tech\/wp-content\/uploads\/2026\/03\/Formacio\u2560u.svg\" class=\"omt-values__img\" alt=\"Training program\" \/>\t\t\t\t\t\t\t<\/div>\n\t\t\t\t\t\t\t<div class=\"omt-values__details\">\n\t\t\t\t\t\t\t\t\t\t\t\t\t\t\t\t\t<h3 class=\"omt-values__list-title\">Programa de formaci\u00f3n<\/h3>\n\t\t\t\t\t\t\t\t\t\t\t\t\t\t\t\t<p>Programa de formaci\u00f3n de alto nivel sobre estrategia e innovaci\u00f3n con una duraci\u00f3n de dos d\u00edas. Enfocado en herramientas metodol\u00f3gicas, t\u00e9cnicas y estrategias para impulsar la innovaci\u00f3n en las empresas del ecosistema de INDPULS.<\/p>\n\t\t\t\t\t\t\t<\/div>\n\t\t\t\t\t\t<\/div>\n\t\t\t\t\t\t\t\t\t<\/div>\n\t\t\t\t\t\t<div class=\"omt-values__button\">\n\t\t\t\t\t\t\t<\/div>\n\t\t<\/div>\n\t<\/div>\n<\/div>\n\n\n\n<div \nstyle=\"--hero-desktop-bg: url(&quot;https:\/\/indpuls.tech\/wp-content\/uploads\/2024\/10\/240711_INDPULS_SIMONSWITCH_26-PhotoGiselaJane.jpg&quot;);--hero-mobile-bg: url(&quot;https:\/\/indpuls.tech\/wp-content\/uploads\/2024\/10\/240711_INDPULS_SIMONSWITCH_26-PhotoGiselaJane.jpg&quot;);\" class=\"omt-multi-hero has-background-color has-none-background-color wp-block-omt-multi-hero\"\t>\n\t<div class=\"container\">\n\t\t<div class=\"omt-multi-hero__content text-left\">\n\n\t\t\t\n\t\t\t\n\t\t\t\t\t<\/div>\n\t<\/div>\n<\/div>\n\n\n<div\nclass=\"ob-container ob-container--width-large ob-container--offset- has-none-background-color ob-container--radius-none ob-container--radius- wp-block-ob-container\">\n\t<div class=\"ob-container__inner\">\n\t\t\n\n<div \nclass=\"omt-newsletter wp-block-omt-newsletter\"\t>\n\t<div class=\"omt-newsletter__wrapper\">\n\t\t<div class=\"omt-newsletter__left-block\">\n\t\t\t\t\t\t\t<h3 class=\"omt-newsletter__title\">Newsletter<\/h3>\n\t\t\t\t\t\t\t\t\t\t<p class=\"omt-newsletter__subtitle\">Inscr\u00edbete y sigue en la comunidad de INDPULS<\/p>\n\t\t\t\t\t<\/div>\n\t\t<div class=\"omt-newsletter__form\">\n\t\t\t\n<div class=\"wpcf7 no-js\" id=\"wpcf7-f209-o1\" lang=\"es-ES\" dir=\"ltr\" data-wpcf7-id=\"209\">\n<div class=\"screen-reader-response\"><p role=\"status\" aria-live=\"polite\" aria-atomic=\"true\"><\/p> <ul><\/ul><\/div>\n<form action=\"\/es\/wp-json\/wp\/v2\/pages\/531#wpcf7-f209-o1\" method=\"post\" class=\"wpcf7-form init\" aria-label=\"Formulario de contacto\" novalidate=\"novalidate\" data-status=\"init\">\n<fieldset class=\"hidden-fields-container\"><input type=\"hidden\" name=\"_wpcf7\" value=\"209\" \/><input type=\"hidden\" name=\"_wpcf7_version\" value=\"6.1.5\" \/><input type=\"hidden\" name=\"_wpcf7_locale\" value=\"es_ES\" \/><input type=\"hidden\" name=\"_wpcf7_unit_tag\" value=\"wpcf7-f209-o1\" \/><input type=\"hidden\" name=\"_wpcf7_container_post\" value=\"0\" \/><input type=\"hidden\" name=\"_wpcf7_posted_data_hash\" value=\"\" \/><input type=\"hidden\" name=\"_wpcf7_recaptcha_response\" value=\"\" \/>\n<\/fieldset>\n<div class=\"input-group\">\n\t<p><label class=\"form-label\">Email<\/label><br \/>\n<span class=\"wpcf7-form-control-wrap\" data-name=\"email-209\"><input size=\"40\" maxlength=\"400\" class=\"wpcf7-form-control wpcf7-email wpcf7-validates-as-required wpcf7-text wpcf7-validates-as-email form-input\" aria-required=\"true\" aria-invalid=\"false\" placeholder=\"email@mail.com\" value=\"\" type=\"email\" name=\"email-209\" \/><\/span>\n\t<\/p>\n<\/div>\n<div class=\"input-group checkbox\">\n\t<p><span class=\"wpcf7-form-control-wrap\" data-name=\"acceptance-851\"><span class=\"wpcf7-form-control wpcf7-acceptance\"><span class=\"wpcf7-list-item\"><input type=\"checkbox\" name=\"acceptance-851\" value=\"1\" class=\"chechbox-input\" aria-invalid=\"false\" \/><\/span><\/span><\/span><br \/>\n<label class=\"form-label chechbox-label\">Accepto la<br \/>\n<a href=\"\/politica-privacitat\/\" class=\"form__label-link\" target=\"_blank\">pol\u00edtica de privacitat.<\/a>*<br \/>\n<\/label>\n\t<\/p>\n<\/div>\n<p><input class=\"wpcf7-form-control wpcf7-submit has-spinner omt-button--primary omt-button\" type=\"submit\" value=\"Envia\" \/>\n<\/p><div class=\"wpcf7-response-output\" aria-hidden=\"true\"><\/div>\n<\/form>\n<\/div>\n\t\t<\/div>\n\t<\/div>\n<\/div>\n\n\n\t<\/div>\n<\/div>\n","protected":false},"excerpt":{"rendered":"","protected":false},"author":1,"featured_media":0,"parent":0,"menu_order":7,"comment_status":"closed","ping_status":"closed","template":"","meta":{"_acf_changed":false,"footnotes":""},"class_list":["post-531","page","type-page","status-publish","hentry"],"acf":[],"yoast_head":"<!-- This site is optimized with the Yoast SEO plugin v27.3 - https:\/\/yoast.com\/product\/yoast-seo-wordpress\/ -->\n<title>Actividades - INDPULS | Innovaci\u00f3n colaborativa entre startups y empresas<\/title>\n<meta name=\"robots\" content=\"index, follow, max-snippet:-1, max-image-preview:large, max-video-preview:-1\" \/>\n<link rel=\"canonical\" href=\"https:\/\/indpuls.tech\/es\/actividades\/\" \/>\n<meta property=\"og:locale\" content=\"es_ES\" \/>\n<meta property=\"og:type\" content=\"article\" \/>\n<meta property=\"og:title\" content=\"Actividades - INDPULS | Innovaci\u00f3n colaborativa entre startups y empresas\" \/>\n<meta property=\"og:url\" content=\"https:\/\/indpuls.tech\/es\/actividades\/\" \/>\n<meta property=\"og:site_name\" content=\"INDPULS | Innovaci\u00f3n colaborativa entre startups y empresas\" \/>\n<meta property=\"article:modified_time\" content=\"2026-03-16T07:56:44+00:00\" \/>\n<meta name=\"twitter:card\" content=\"summary_large_image\" \/>\n<meta name=\"twitter:site\" content=\"@INDPULS_Tech\" \/>\n<script type=\"application\/ld+json\" class=\"yoast-schema-graph\">{\"@context\":\"https:\\\/\\\/schema.org\",\"@graph\":[{\"@type\":\"WebPage\",\"@id\":\"https:\\\/\\\/indpuls.tech\\\/es\\\/actividades\\\/\",\"url\":\"https:\\\/\\\/indpuls.tech\\\/es\\\/actividades\\\/\",\"name\":\"Actividades - INDPULS | Innovaci\u00f3n colaborativa entre startups y empresas\",\"isPartOf\":{\"@id\":\"https:\\\/\\\/indpuls.tech\\\/en\\\/#website\"},\"datePublished\":\"2024-08-10T07:30:54+00:00\",\"dateModified\":\"2026-03-16T07:56:44+00:00\",\"breadcrumb\":{\"@id\":\"https:\\\/\\\/indpuls.tech\\\/es\\\/actividades\\\/#breadcrumb\"},\"inLanguage\":\"es\",\"potentialAction\":[{\"@type\":\"ReadAction\",\"target\":[\"https:\\\/\\\/indpuls.tech\\\/es\\\/actividades\\\/\"]}]},{\"@type\":\"BreadcrumbList\",\"@id\":\"https:\\\/\\\/indpuls.tech\\\/es\\\/actividades\\\/#breadcrumb\",\"itemListElement\":[{\"@type\":\"ListItem\",\"position\":1,\"name\":\"Home\",\"item\":\"https:\\\/\\\/indpuls.tech\\\/es\\\/\"},{\"@type\":\"ListItem\",\"position\":2,\"name\":\"Actividades\"}]},{\"@type\":\"WebSite\",\"@id\":\"https:\\\/\\\/indpuls.tech\\\/en\\\/#website\",\"url\":\"https:\\\/\\\/indpuls.tech\\\/en\\\/\",\"name\":\"INDPULS\",\"description\":\"En Indpuls apostamos por el compromiso con la innovaci\u00f3n y el crecimiento empresarial sostenible en el nuevo ecosistema digital.\",\"publisher\":{\"@id\":\"https:\\\/\\\/indpuls.tech\\\/en\\\/#organization\"},\"potentialAction\":[{\"@type\":\"SearchAction\",\"target\":{\"@type\":\"EntryPoint\",\"urlTemplate\":\"https:\\\/\\\/indpuls.tech\\\/en\\\/?s={search_term_string}\"},\"query-input\":{\"@type\":\"PropertyValueSpecification\",\"valueRequired\":true,\"valueName\":\"search_term_string\"}}],\"inLanguage\":\"es\"},{\"@type\":\"Organization\",\"@id\":\"https:\\\/\\\/indpuls.tech\\\/en\\\/#organization\",\"name\":\"INDPULS\",\"url\":\"https:\\\/\\\/indpuls.tech\\\/en\\\/\",\"logo\":{\"@type\":\"ImageObject\",\"inLanguage\":\"es\",\"@id\":\"https:\\\/\\\/indpuls.tech\\\/en\\\/#\\\/schema\\\/logo\\\/image\\\/\",\"url\":\"https:\\\/\\\/indpuls.tech\\\/wp-content\\\/uploads\\\/2024\\\/08\\\/header-logo.svg\",\"contentUrl\":\"https:\\\/\\\/indpuls.tech\\\/wp-content\\\/uploads\\\/2024\\\/08\\\/header-logo.svg\",\"width\":204,\"height\":27,\"caption\":\"INDPULS\"},\"image\":{\"@id\":\"https:\\\/\\\/indpuls.tech\\\/en\\\/#\\\/schema\\\/logo\\\/image\\\/\"},\"sameAs\":[\"https:\\\/\\\/x.com\\\/INDPULS_Tech\",\"https:\\\/\\\/www.linkedin.com\\\/company\\\/indpuls-tech\\\/\"]}]}<\/script>\n<!-- \/ Yoast SEO plugin. -->","yoast_head_json":{"title":"Actividades - INDPULS | Innovaci\u00f3n colaborativa entre startups y empresas","robots":{"index":"index","follow":"follow","max-snippet":"max-snippet:-1","max-image-preview":"max-image-preview:large","max-video-preview":"max-video-preview:-1"},"canonical":"https:\/\/indpuls.tech\/es\/actividades\/","og_locale":"es_ES","og_type":"article","og_title":"Actividades - INDPULS | Innovaci\u00f3n colaborativa entre startups y empresas","og_url":"https:\/\/indpuls.tech\/es\/actividades\/","og_site_name":"INDPULS | Innovaci\u00f3n colaborativa entre startups y empresas","article_modified_time":"2026-03-16T07:56:44+00:00","twitter_card":"summary_large_image","twitter_site":"@INDPULS_Tech","schema":{"@context":"https:\/\/schema.org","@graph":[{"@type":"WebPage","@id":"https:\/\/indpuls.tech\/es\/actividades\/","url":"https:\/\/indpuls.tech\/es\/actividades\/","name":"Actividades - INDPULS | Innovaci\u00f3n colaborativa entre startups y empresas","isPartOf":{"@id":"https:\/\/indpuls.tech\/en\/#website"},"datePublished":"2024-08-10T07:30:54+00:00","dateModified":"2026-03-16T07:56:44+00:00","breadcrumb":{"@id":"https:\/\/indpuls.tech\/es\/actividades\/#breadcrumb"},"inLanguage":"es","potentialAction":[{"@type":"ReadAction","target":["https:\/\/indpuls.tech\/es\/actividades\/"]}]},{"@type":"BreadcrumbList","@id":"https:\/\/indpuls.tech\/es\/actividades\/#breadcrumb","itemListElement":[{"@type":"ListItem","position":1,"name":"Home","item":"https:\/\/indpuls.tech\/es\/"},{"@type":"ListItem","position":2,"name":"Actividades"}]},{"@type":"WebSite","@id":"https:\/\/indpuls.tech\/en\/#website","url":"https:\/\/indpuls.tech\/en\/","name":"INDPULS","description":"En Indpuls apostamos por el compromiso con la innovaci\u00f3n y el crecimiento empresarial sostenible en el nuevo ecosistema digital.","publisher":{"@id":"https:\/\/indpuls.tech\/en\/#organization"},"potentialAction":[{"@type":"SearchAction","target":{"@type":"EntryPoint","urlTemplate":"https:\/\/indpuls.tech\/en\/?s={search_term_string}"},"query-input":{"@type":"PropertyValueSpecification","valueRequired":true,"valueName":"search_term_string"}}],"inLanguage":"es"},{"@type":"Organization","@id":"https:\/\/indpuls.tech\/en\/#organization","name":"INDPULS","url":"https:\/\/indpuls.tech\/en\/","logo":{"@type":"ImageObject","inLanguage":"es","@id":"https:\/\/indpuls.tech\/en\/#\/schema\/logo\/image\/","url":"https:\/\/indpuls.tech\/wp-content\/uploads\/2024\/08\/header-logo.svg","contentUrl":"https:\/\/indpuls.tech\/wp-content\/uploads\/2024\/08\/header-logo.svg","width":204,"height":27,"caption":"INDPULS"},"image":{"@id":"https:\/\/indpuls.tech\/en\/#\/schema\/logo\/image\/"},"sameAs":["https:\/\/x.com\/INDPULS_Tech","https:\/\/www.linkedin.com\/company\/indpuls-tech\/"]}]}},"_links":{"self":[{"href":"https:\/\/indpuls.tech\/es\/wp-json\/wp\/v2\/pages\/531","targetHints":{"allow":["GET"]}}],"collection":[{"href":"https:\/\/indpuls.tech\/es\/wp-json\/wp\/v2\/pages"}],"about":[{"href":"https:\/\/indpuls.tech\/es\/wp-json\/wp\/v2\/types\/page"}],"author":[{"embeddable":true,"href":"https:\/\/indpuls.tech\/es\/wp-json\/wp\/v2\/users\/1"}],"replies":[{"embeddable":true,"href":"https:\/\/indpuls.tech\/es\/wp-json\/wp\/v2\/comments?post=531"}],"version-history":[{"count":10,"href":"https:\/\/indpuls.tech\/es\/wp-json\/wp\/v2\/pages\/531\/revisions"}],"predecessor-version":[{"id":8895,"href":"https:\/\/indpuls.tech\/es\/wp-json\/wp\/v2\/pages\/531\/revisions\/8895"}],"wp:attachment":[{"href":"https:\/\/indpuls.tech\/es\/wp-json\/wp\/v2\/media?parent=531"}],"curies":[{"name":"wp","href":"https:\/\/api.w.org\/{rel}","templated":true}]}}