{"id":543,"date":"2024-08-01T06:39:28","date_gmt":"2024-08-01T06:39:28","guid":{"rendered":"https:\/\/indpuls.localhost\/politica-de-privacidad\/"},"modified":"2025-01-23T15:18:14","modified_gmt":"2025-01-23T15:18:14","slug":"politica-de-privacidad","status":"publish","type":"page","link":"https:\/\/indpuls.tech\/es\/politica-de-privacidad\/","title":{"rendered":"Pol\u00edtica de Privacidad"},"content":{"rendered":"<div\nstyle=\"padding-top:40px;padding-bottom:40px;\" class=\"ob-container ob-container--width-large ob-container--offset- has-none-background-color ob-container--radius-none ob-container--radius- wp-block-ob-container\">\n\t<div class=\"ob-container__inner\">\n\t\t\n\n<h2 class=\"wp-block-heading\">Pol\u00edtica de privacidad<\/h2>\n\n\n\n<p>En cumplimiento de la normativa de protecci\u00f3n de datos personales y de conformidad con el Reglamento (UE) 2016\/679 del Parlamento Europeo y del Consejo, de 27 de abril de 2016, relativo a la protecci\u00f3n de las personas f\u00edsicas en lo que respecta al tratamiento de datos personales y a la libre circulaci\u00f3n de estos datos (\u201cRGPD\u201d) y con la Ley Org\u00e1nica 3\/2018, de 5 de diciembre, de Protecci\u00f3n de Datos Personales y garant\u00eda de los derechos digitales (\u201cLOPDGDD\u201d), a continuaci\u00f3n ASSOCIACI\u00d3 INDPULS te proporciona esta informaci\u00f3n para que conozcas todos los elementos relevantes del tratamiento de tus datos.<\/p>\n\n\n\n<p><strong>1. \u00bfQui\u00e9n es el Responsable del tratamiento de tus datos?<\/strong><\/p>\n\n\n\n<p><strong>Identidad<\/strong>: ASSOCIACI\u00d3 INDPULS con NIF: G10585313<\/p>\n\n\n\n<p><strong>Direcci\u00f3n<\/strong>: Pau Claris 100, 6\u00aa planta. 08009 Barcelona<\/p>\n\n\n\n<p><strong>E-mail<\/strong>:\u00a0<a href=\"mailto:info@indpuls.tech\">info@indpuls.tech<\/a><\/p>\n\n\n\n<p><strong>2. \u00bfEn qu\u00e9 momento recogemos tus datos personales?<\/strong><\/p>\n\n\n\n<p>La p\u00e1gina web de ASSOCIACI\u00d3 INDPULS es una web de car\u00e1cter informativo que recoge datos personales en los siguientes momentos:<\/p>\n\n\n\n<ul class=\"wp-block-list\">\n<li><strong>En el formulario de contacto<\/strong>: tenemos disponible en nuestra web un formulario que te permite contactar con nosotros para solicitar informaci\u00f3n de nuestros servicios o realizar consultas. Al completar este formulario pedimos que te identifiques y que nos facilites tus datos de contacto.<\/li>\n\n\n\n<li><strong>Mediante Cookies<\/strong>: nuestra web instala cookies que recogen informaci\u00f3n sobre la navegaci\u00f3n, te recomendamos que leas la&nbsp;<a href=\"https:\/\/indpuls.tech\/es\/politica-de-cookies\/\">pol\u00edtica de cookies<\/a>&nbsp;para tener toda la informaci\u00f3n al respecto.<\/li>\n<\/ul>\n\n\n\n<p><strong>3. \u00bfCon qu\u00e9 finalidad y legitimaci\u00f3n tratamos tus datos personales?&nbsp;<\/strong><\/p>\n\n\n\n<p>Los datos personales pueden ser tratados con las siguientes finalidades:<\/p>\n\n\n\n<ul class=\"wp-block-list\">\n<li>Asistir, gestionar y atender las posibles solicitudes, comentarios, consultas formuladas y\/o proporcionar informaci\u00f3n que nos has solicitado.&nbsp;<\/li>\n<\/ul>\n\n\n\n<p><strong>Base legal<\/strong>: El tratamiento se realiza en base a tu consentimiento al remitirnos su solicitud, comentario y\/o consulta (art\u00edculo 6.1.a) RGPD).&nbsp;<\/p>\n\n\n\n<ul class=\"wp-block-list\">\n<li>Cumplir con nuestras obligaciones legales, posibles resoluciones judiciales y otras decisiones determinadas por las autoridades. Incluyendo la comunicaci\u00f3n de los datos personales a las fuerzas y cuerpos de seguridad, siempre que tengamos sospechas o indicios de una actuaci\u00f3n que pueda constituir un il\u00edcito\/delito penal.&nbsp;<\/li>\n<\/ul>\n\n\n\n<p><strong>Base legal:<\/strong>&nbsp;El tratamiento de los datos personales para estos fines se realiza en base al cumplimiento de las obligaciones legales de la ASSOCIACI\u00d3 INDPULS (art\u00edculo 6.1.c) RGPD).<\/p>\n\n\n\n<ul class=\"wp-block-list\">\n<li>Siempre que dispongamos de una base legal que lo permita, trataremos tu informaci\u00f3n para mantenerte informado sobre nuestros servicios y\/o productos que puedan resultarte de inter\u00e9s, a trav\u00e9s de los medios que nos hayas proporcionado para tal efecto (tel\u00e9fono, correo electr\u00f3nico, SMS y\/o sistema de mensajer\u00eda, entre otras).&nbsp;<\/li>\n<\/ul>\n\n\n\n<p><strong>Base legal:<\/strong>&nbsp;El tratamiento se realiza en base a su consentimiento (art\u00edculo 21.1 de la Ley 34\/2002, de 11 de julio, de servicios de la sociedad de la informaci\u00f3n y de comercio electr\u00f3nico, y art\u00edculo 6.1.a) del RGPD).&nbsp;<\/p>\n\n\n\n<p><strong>4. \u00bfCu\u00e1nto tiempo conservaremos tus datos personales?<\/strong><\/p>\n\n\n\n<p>Trataremos tus datos personales durante el periodo necesario para cumplir con los fines establecidos en esta Pol\u00edtica, as\u00ed como para conservar su informaci\u00f3n personal en cumplimiento de las disposiciones de las leyes y normativas pertinentes, especialmente en relaci\u00f3n a los plazos legales de prescripci\u00f3n, y para la formulaci\u00f3n, ejercicio o defensa de reclamaciones.&nbsp;<\/p>\n\n\n\n<p>El criterio que seguimos para lo cual viene determinado por la finalidad de los datos recopilados y el cumplimiento de este fin (p. ej., en caso de consentimiento, podr\u00e1s revocarlo en cualquier momento) y, los periodos de almacenamiento obligados seg\u00fan los requisitos contractuales y normativos.<\/p>\n\n\n\n<p>Ten en cuenta que los datos personales estar\u00e1n bloqueados durante el plazo legalmente requerido para el cumplimiento de obligaciones y responsabilidades legales. Los datos podr\u00e1n ser comunicadas a las administraciones y agencias p\u00fablicas, organismos y\/o autoridades competentes cuando haga falta o cuando, por imperativo legal, sea obligatorio.<\/p>\n\n\n\n<p><strong>5. \u00bfA qu\u00e9 destinatarios se pueden comunicar tus datos?<\/strong><\/p>\n\n\n\n<p>Dependiendo de las finalidades para las cuales se recopila la informaci\u00f3n personal, pueden acceder a tus datos personales, los siguientes terceros:&nbsp;<\/p>\n\n\n\n<ul class=\"wp-block-list\">\n<li>Administraciones p\u00fablicas, Organismos y\/o Autoridades competentes y, las fuerzas y cuerpos de seguridad pertinentes, en supuestos que exista un requerimiento, una obligaci\u00f3n legal o consideramos que hay indicios y\/o sospechas suficientes para estar ante un il\u00edcito o delito penal;<\/li>\n\n\n\n<li>Colaboradores y terceros proveedores de servicios que tratan informaci\u00f3n como encargados del tratamiento de datos. Con todos nuestros proveedores se ha celebrado el correspondiente contrato por encargo de tratamiento conforme la normativa de protecci\u00f3n de datos personales;<\/li>\n\n\n\n<li>Empleados y\/o colaboradores autorizados por ASSOCIACI\u00d3 INDPULS, siempre sujetas a las normas de protecci\u00f3n de datos que resulten de aplicaci\u00f3n.<\/li>\n<\/ul>\n\n\n\n<p>ASSOCIACI\u00d3 INDPULS no transfiere datos personales a pa\u00edses fuera del Espacio Econ\u00f3mico Europeo. No obstante, si se realizara nos asegurar\u00edamos de disponer una adecuada protecci\u00f3n de los datos personales mediante la utilizaci\u00f3n de las salvaguardias permitidas por la normativa, especialmente, el uso de las cl\u00e1usulas contractuales tipos aprobadas por la Comisi\u00f3n Europea.<\/p>\n\n\n\n<p><strong>6. \u00bfQu\u00e9 son tus derechos?&nbsp;<\/strong><\/p>\n\n\n\n<p>Si tratamos tus datos tienes que saber que tus derechos son:<\/p>\n\n\n\n<ul class=\"wp-block-list\">\n<li>Derecho a solicitar el acceso a los datos personales:&nbsp;podr\u00e1s pedir si estamos tratando tus datos y en caso afirmativo acceder a estos datos.<\/li>\n\n\n\n<li>Derecho a solicitar la rectificaci\u00f3n&nbsp;si los datos son inexactos, o completar los datos que tengamos incompletos.&nbsp;<\/li>\n\n\n\n<li>Derecho a solicitar la supresi\u00f3n de tus datos.&nbsp;<\/li>\n\n\n\n<li>Derecho a solicitar la limitaci\u00f3n de su tratamiento: en este caso, \u00fanicamente los datos se conservar\u00edan para el ejercicio o la defensa de reclamaciones.<\/li>\n\n\n\n<li>Derecho a oponerse al tratamiento: dejaremos de tratar los datos personales, con la excepci\u00f3n que se tengan que seguir tratando por motivos leg\u00edtimos o para el ejercicio y\/o defensa ante posibles reclamaciones.<\/li>\n\n\n\n<li>Derecho a la portabilidad de los datos: siempre que sea t\u00e9cnicamente posible y quieras que tus datos sean tratados por otro responsable del tratamiento, te facilitaremos el cambio de tus datos al nuevo responsable.<\/li>\n\n\n\n<li>Derecho a no ser objeto de una decisi\u00f3n basada \u00fanicamente en el tratamiento automatizado de tus datos personales.&nbsp;<\/li>\n<\/ul>\n\n\n\n<p>En ASSOCIACI\u00d3 INDPULS tratamos los datos en base al consentimiento y tienes que saber que tienes derecho a retirar el consentimiento en cualquier momento, sin que la retirada afecte a la licitud del tratamiento realizado previamente.<\/p>\n\n\n\n<p>Para ejercer tus derechos tienes que contactar con nosotros enviando un e-mail a\u00a0<a href=\"mailto:info@indpuls.tech\">info@indpuls.tech<\/a>\u00a0o por escrito a la direcci\u00f3n postal que consta en el apartado 1 de esta Pol\u00edtica. Para informaci\u00f3n adicional, en la\u00a0p\u00e1gina web\u00a0de la Agencia Espa\u00f1ola de Protecci\u00f3n de Datos (AEPD) encontrar\u00e1s disponibles formularios e indicaciones espec\u00edficas sobre el ejercicio de derechos.<\/p>\n\n\n\n<p>Siempre que lo consideres oportuno podr\u00e1s presentar una reclamaci\u00f3n ante la AEPD (https:\/\/www.aepd.es).<\/p>\n\n\n\n<p>Recuerda que eres el responsable de los datos que nos facilitas, por eso, tus datos tienen que ser veraces, exactos y las tienes que mantener actualizadas.<\/p>\n\n\n\n<p><strong>7. Informaci\u00f3n adicional<\/strong><\/p>\n\n\n\n<p>Pol\u00edtica sobre uso infantil. Nuestros servicios est\u00e1n dirigidos exclusivamente a personas mayores de edad. En este sentido, no recopilamos deliberadamente informaci\u00f3n de menores de edad. En cualquier caso, si usted es padre, madre o representante legal y considera que su hijo o tutelado nos ha remitido datos personales, rogamos que contacte con nosotros enviando un email a\u00a0<a href=\"mailto:info@indpuls.tech\">info@indpuls.tech<\/a>.\u00a0<\/p>\n\n\n\n<p>Datos especialmente protegidos. No recogemos ni tratamos datos personales que revelen el origen \u00e9tnico o racial, las opiniones pol\u00edticas, las convicciones religiosas o filos\u00f3ficas, o la afiliaci\u00f3n sindical, y el tratamiento de datos gen\u00e9ticos, datos biom\u00e9tricos dirigidos a identificar de manera un\u00edvoca a una persona f\u00edsica, datos relativos a salud o a la vida sexual o las orientaciones sexuales.<\/p>\n\n\n\n<p>Perfilado y toma de decisiones automatizadas. Desde la ASSOCIACI\u00d3 INDPULS no se elaboran perfiles ni se toman decisiones automatizadas con sus datos personales.<\/p>\n\n\n\n<p>Modificaciones. ASSOCIACI\u00d3 INDPULS se reserva la facultad de modificar esta Pol\u00edtica a fin de adaptarla a novedades legislativas, criterios jurisprudenciales, pr\u00e1cticas del sector, o intereses de la entidad. Cualquier modificaci\u00f3n de la misma ser\u00e1 anunciada con la debida antelaci\u00f3n, a fin de que tenga perfecto conocimiento de su contenido.<\/p>\n\n\n\t<\/div>\n<\/div>\n","protected":false},"excerpt":{"rendered":"","protected":false},"author":1,"featured_media":0,"parent":0,"menu_order":11,"comment_status":"closed","ping_status":"closed","template":"","meta":{"_acf_changed":false,"footnotes":""},"class_list":["post-543","page","type-page","status-publish","hentry"],"acf":[],"yoast_head":"<!-- This site is optimized with the Yoast SEO plugin v27.3 - https:\/\/yoast.com\/product\/yoast-seo-wordpress\/ -->\n<title>Pol\u00edtica de Privacidad - INDPULS | Innovaci\u00f3n colaborativa entre startups y empresas<\/title>\n<meta name=\"robots\" content=\"index, follow, max-snippet:-1, max-image-preview:large, max-video-preview:-1\" \/>\n<link rel=\"canonical\" href=\"https:\/\/indpuls.tech\/es\/politica-de-privacidad\/\" \/>\n<meta property=\"og:locale\" content=\"es_ES\" \/>\n<meta property=\"og:type\" content=\"article\" \/>\n<meta property=\"og:title\" content=\"Pol\u00edtica de Privacidad - INDPULS | Innovaci\u00f3n colaborativa entre startups y empresas\" \/>\n<meta property=\"og:url\" content=\"https:\/\/indpuls.tech\/es\/politica-de-privacidad\/\" \/>\n<meta property=\"og:site_name\" content=\"INDPULS | Innovaci\u00f3n colaborativa entre startups y empresas\" \/>\n<meta property=\"article:modified_time\" content=\"2025-01-23T15:18:14+00:00\" \/>\n<meta name=\"twitter:card\" content=\"summary_large_image\" \/>\n<meta name=\"twitter:site\" content=\"@INDPULS_Tech\" \/>\n<meta name=\"twitter:label1\" content=\"Tiempo de lectura\" \/>\n\t<meta name=\"twitter:data1\" content=\"7 minutos\" \/>\n<script type=\"application\/ld+json\" class=\"yoast-schema-graph\">{\"@context\":\"https:\\\/\\\/schema.org\",\"@graph\":[{\"@type\":\"WebPage\",\"@id\":\"https:\\\/\\\/indpuls.tech\\\/es\\\/politica-de-privacidad\\\/\",\"url\":\"https:\\\/\\\/indpuls.tech\\\/es\\\/politica-de-privacidad\\\/\",\"name\":\"Pol\u00edtica de Privacidad - INDPULS | Innovaci\u00f3n colaborativa entre startups y empresas\",\"isPartOf\":{\"@id\":\"https:\\\/\\\/indpuls.tech\\\/en\\\/#website\"},\"datePublished\":\"2024-08-01T06:39:28+00:00\",\"dateModified\":\"2025-01-23T15:18:14+00:00\",\"breadcrumb\":{\"@id\":\"https:\\\/\\\/indpuls.tech\\\/es\\\/politica-de-privacidad\\\/#breadcrumb\"},\"inLanguage\":\"es\",\"potentialAction\":[{\"@type\":\"ReadAction\",\"target\":[\"https:\\\/\\\/indpuls.tech\\\/es\\\/politica-de-privacidad\\\/\"]}]},{\"@type\":\"BreadcrumbList\",\"@id\":\"https:\\\/\\\/indpuls.tech\\\/es\\\/politica-de-privacidad\\\/#breadcrumb\",\"itemListElement\":[{\"@type\":\"ListItem\",\"position\":1,\"name\":\"Home\",\"item\":\"https:\\\/\\\/indpuls.tech\\\/es\\\/\"},{\"@type\":\"ListItem\",\"position\":2,\"name\":\"Pol\u00edtica de Privacidad\"}]},{\"@type\":\"WebSite\",\"@id\":\"https:\\\/\\\/indpuls.tech\\\/en\\\/#website\",\"url\":\"https:\\\/\\\/indpuls.tech\\\/en\\\/\",\"name\":\"INDPULS\",\"description\":\"En Indpuls apostamos por el compromiso con la innovaci\u00f3n y el crecimiento empresarial sostenible en el nuevo ecosistema digital.\",\"publisher\":{\"@id\":\"https:\\\/\\\/indpuls.tech\\\/en\\\/#organization\"},\"potentialAction\":[{\"@type\":\"SearchAction\",\"target\":{\"@type\":\"EntryPoint\",\"urlTemplate\":\"https:\\\/\\\/indpuls.tech\\\/en\\\/?s={search_term_string}\"},\"query-input\":{\"@type\":\"PropertyValueSpecification\",\"valueRequired\":true,\"valueName\":\"search_term_string\"}}],\"inLanguage\":\"es\"},{\"@type\":\"Organization\",\"@id\":\"https:\\\/\\\/indpuls.tech\\\/en\\\/#organization\",\"name\":\"INDPULS\",\"url\":\"https:\\\/\\\/indpuls.tech\\\/en\\\/\",\"logo\":{\"@type\":\"ImageObject\",\"inLanguage\":\"es\",\"@id\":\"https:\\\/\\\/indpuls.tech\\\/en\\\/#\\\/schema\\\/logo\\\/image\\\/\",\"url\":\"https:\\\/\\\/indpuls.tech\\\/wp-content\\\/uploads\\\/2024\\\/08\\\/header-logo.svg\",\"contentUrl\":\"https:\\\/\\\/indpuls.tech\\\/wp-content\\\/uploads\\\/2024\\\/08\\\/header-logo.svg\",\"width\":204,\"height\":27,\"caption\":\"INDPULS\"},\"image\":{\"@id\":\"https:\\\/\\\/indpuls.tech\\\/en\\\/#\\\/schema\\\/logo\\\/image\\\/\"},\"sameAs\":[\"https:\\\/\\\/x.com\\\/INDPULS_Tech\",\"https:\\\/\\\/www.linkedin.com\\\/company\\\/indpuls-tech\\\/\"]}]}<\/script>\n<!-- \/ Yoast SEO plugin. -->","yoast_head_json":{"title":"Pol\u00edtica de Privacidad - INDPULS | Innovaci\u00f3n colaborativa entre startups y empresas","robots":{"index":"index","follow":"follow","max-snippet":"max-snippet:-1","max-image-preview":"max-image-preview:large","max-video-preview":"max-video-preview:-1"},"canonical":"https:\/\/indpuls.tech\/es\/politica-de-privacidad\/","og_locale":"es_ES","og_type":"article","og_title":"Pol\u00edtica de Privacidad - INDPULS | Innovaci\u00f3n colaborativa entre startups y empresas","og_url":"https:\/\/indpuls.tech\/es\/politica-de-privacidad\/","og_site_name":"INDPULS | Innovaci\u00f3n colaborativa entre startups y empresas","article_modified_time":"2025-01-23T15:18:14+00:00","twitter_card":"summary_large_image","twitter_site":"@INDPULS_Tech","twitter_misc":{"Tiempo de lectura":"7 minutos"},"schema":{"@context":"https:\/\/schema.org","@graph":[{"@type":"WebPage","@id":"https:\/\/indpuls.tech\/es\/politica-de-privacidad\/","url":"https:\/\/indpuls.tech\/es\/politica-de-privacidad\/","name":"Pol\u00edtica de Privacidad - INDPULS | Innovaci\u00f3n colaborativa entre startups y empresas","isPartOf":{"@id":"https:\/\/indpuls.tech\/en\/#website"},"datePublished":"2024-08-01T06:39:28+00:00","dateModified":"2025-01-23T15:18:14+00:00","breadcrumb":{"@id":"https:\/\/indpuls.tech\/es\/politica-de-privacidad\/#breadcrumb"},"inLanguage":"es","potentialAction":[{"@type":"ReadAction","target":["https:\/\/indpuls.tech\/es\/politica-de-privacidad\/"]}]},{"@type":"BreadcrumbList","@id":"https:\/\/indpuls.tech\/es\/politica-de-privacidad\/#breadcrumb","itemListElement":[{"@type":"ListItem","position":1,"name":"Home","item":"https:\/\/indpuls.tech\/es\/"},{"@type":"ListItem","position":2,"name":"Pol\u00edtica de Privacidad"}]},{"@type":"WebSite","@id":"https:\/\/indpuls.tech\/en\/#website","url":"https:\/\/indpuls.tech\/en\/","name":"INDPULS","description":"En Indpuls apostamos por el compromiso con la innovaci\u00f3n y el crecimiento empresarial sostenible en el nuevo ecosistema digital.","publisher":{"@id":"https:\/\/indpuls.tech\/en\/#organization"},"potentialAction":[{"@type":"SearchAction","target":{"@type":"EntryPoint","urlTemplate":"https:\/\/indpuls.tech\/en\/?s={search_term_string}"},"query-input":{"@type":"PropertyValueSpecification","valueRequired":true,"valueName":"search_term_string"}}],"inLanguage":"es"},{"@type":"Organization","@id":"https:\/\/indpuls.tech\/en\/#organization","name":"INDPULS","url":"https:\/\/indpuls.tech\/en\/","logo":{"@type":"ImageObject","inLanguage":"es","@id":"https:\/\/indpuls.tech\/en\/#\/schema\/logo\/image\/","url":"https:\/\/indpuls.tech\/wp-content\/uploads\/2024\/08\/header-logo.svg","contentUrl":"https:\/\/indpuls.tech\/wp-content\/uploads\/2024\/08\/header-logo.svg","width":204,"height":27,"caption":"INDPULS"},"image":{"@id":"https:\/\/indpuls.tech\/en\/#\/schema\/logo\/image\/"},"sameAs":["https:\/\/x.com\/INDPULS_Tech","https:\/\/www.linkedin.com\/company\/indpuls-tech\/"]}]}},"_links":{"self":[{"href":"https:\/\/indpuls.tech\/es\/wp-json\/wp\/v2\/pages\/543","targetHints":{"allow":["GET"]}}],"collection":[{"href":"https:\/\/indpuls.tech\/es\/wp-json\/wp\/v2\/pages"}],"about":[{"href":"https:\/\/indpuls.tech\/es\/wp-json\/wp\/v2\/types\/page"}],"author":[{"embeddable":true,"href":"https:\/\/indpuls.tech\/es\/wp-json\/wp\/v2\/users\/1"}],"replies":[{"embeddable":true,"href":"https:\/\/indpuls.tech\/es\/wp-json\/wp\/v2\/comments?post=543"}],"version-history":[{"count":5,"href":"https:\/\/indpuls.tech\/es\/wp-json\/wp\/v2\/pages\/543\/revisions"}],"predecessor-version":[{"id":4918,"href":"https:\/\/indpuls.tech\/es\/wp-json\/wp\/v2\/pages\/543\/revisions\/4918"}],"wp:attachment":[{"href":"https:\/\/indpuls.tech\/es\/wp-json\/wp\/v2\/media?parent=543"}],"curies":[{"name":"wp","href":"https:\/\/api.w.org\/{rel}","templated":true}]}}